{"id":25587,"date":"2021-09-16T12:45:01","date_gmt":"2021-09-16T10:45:01","guid":{"rendered":"https:\/\/www.delta-bkb.it\/azienda-cosmetica-conto-terzi\/"},"modified":"2024-09-04T11:19:10","modified_gmt":"2024-09-04T09:19:10","slug":"unternehmen","status":"publish","type":"page","link":"https:\/\/www.delta-bkb.it\/de\/unternehmen\/","title":{"rendered":"Unternehmen"},"content":{"rendered":"<section class=\"vc_row wpb_row vc_row-fluid   wow fadeIn\"><div class=\"wpb_column vc_column_container vc_col-sm-12 vc_col-xs-12\"><div class=\"vc_column-inner \"><div class=\"wpb_wrapper\"><h5 class=\"text-extra-dark-gray margin-20px-bottom font-weight-600 display-block alt-font text-uppercase heading-style2  vc_custom_1684492281200  heading-1\"  style=\"font-weight: 600;\">UNSERE URSPR\u00dcNGE<\/h5><div class=\"last-paragraph-no-margin\" style=\"color: #232323;\"><p><span style=\"font-weight: 400;\"><strong>DELTA BKB<\/strong> wurde in den <strong>70er<\/strong> Jahren in <strong>Formigine<\/strong>, <strong>Provinz Modena<\/strong>, zwischen Natur und Architektur gegr\u00fcndet.<\/span><\/p>\n<p><span style=\"font-weight: 400;\">Von Anfang an hat das Unternehmen alle seine Kr\u00e4fte darauf verwendet, Kosmetika f\u00fcr den Private-Label-Bereich zu studieren, zu formulieren und herzustellen, wobei ausschlie\u00dflich nat\u00fcrliche und qualitativ hochwertige Rohstoffe und Wirkstoffe verwendet wurden.<\/span><\/p>\n<p><span style=\"font-weight: 400;\">Dank des kompetenten und dynamischen Teams, das bereit ist, alle Kundenanforderungen zu erf\u00fcllen und innovative und einzigartige Kosmetiklinien herzustellen, konnte sich <strong>DELTA BKB<\/strong> in diesen Jahren verbessern und seine Tr\u00e4ume in der Schublade verwirklichen, und eroberte so viele L\u00e4nder der Welt.<\/span><\/p>\n<p><span style=\"font-weight: 400;\">Das Unternehmen ist auf die Entwicklung professioneller Haarlinien in Zusammenarbeit mit den wichtigsten italienischen Haarzentren spezialisiert und hat sich im Laufe der Jahre zu einem Bezugspunkt in der gesamten professionellen Kosmetikbranche entwickelt.<\/span><\/p>\n<p><span style=\"font-weight: 400;\">Heute umfasst es mehr als <strong>3000<\/strong> erstellte Formeln, die auf <strong>4 Kontinenten<\/strong> verteilt sind.<\/span><\/p>\n<\/div><\/div><\/div><\/div><\/section><section data-vc-full-width=\"true\" data-vc-full-width-init=\"false\" data-vc-stretch-content=\"true\" data-parallax-background-ratio=\"0.5\" class=\"vc_row wpb_row vc_row-fluid  vc_custom_1725441493939 wow none vc_row-has-fill pofo-stretch-content parallax pofo-row-responsive-69f0c2d39136f\"><div class=\"wpb_column vc_column_container vc_col-has-fill vc_col-sm-3\/5 vc_col-md-2\/5 col-xs-mobile-fullwidth wow fadeInRight pofo-column-responsive-69f0c2d3914c0\"><div class=\"vc_column-inner vc_custom_1632834739688\"><div class=\"wpb_wrapper\"><div class=\"vc_row wpb_row vc_inner vc_row-fluid  vc_custom_1628841405003\"><div class=\"wpb_column vc_column_container vc_col-sm-12  col-xs-mobile-fullwidth\"><div class=\"vc_column-inner \"><div class=\"wpb_wrapper\"><h5 class=\"text-extra-dark-gray margin-20px-bottom font-weight-600 display-block alt-font heading-style2  vc_custom_1684492348666  heading-2\"  style=\"font-weight: 600;\">Was macht unser Unternehmen?<\/h5><div class=\" vc_custom_1684492398302 last-paragraph-no-margin\" style=\"color: #232323;\"><p><span style=\"font-weight: 400;\"><strong>DELTA BKB<\/strong> ist <strong>f\u00fchrend<\/strong> in der individuellen Formulierung von wissenschaftlich getesteten und nat\u00fcrlich wirksamen K\u00f6rperpflegeprodukten.<\/span><\/p>\n<p><span style=\"font-weight: 400;\">Wir produzieren Kosmetika f\u00fcr Dritte f\u00fcr diejenigen, die ihre Sch\u00f6nheits- und Wellnessprodukte an die \u00d6ffentlichkeit verkaufen m\u00f6chten.<\/span><\/p>\n<p><span style=\"font-weight: 400;\">Wir verf\u00fcgen \u00fcber technisch fortschrittliche Labors, die es uns erm\u00f6glichen, einen kompletten Service zu garantieren: vom ersten Konzept bis zur Herstellung des fertigen Produkts.<\/span><\/p>\n<p><span style=\"font-weight: 400;\">Wir unterst\u00fctzen unsere Kunden in jeder Phase des Herstellungsprozesses von Kosmetika und stellen sicher, dass alle geltenden Vorschriften durch eine sorgf\u00e4ltige Qualit\u00e4tskontrolle eingehalten werden.<\/span><\/p>\n<\/div><div class=\"last-paragraph-no-margin\" style=\"color: #232323;\"><p><span style=\"font-weight: 400;\">Wer sich f\u00fcr <strong>Delta BKB<\/strong> entscheidet, wird Teil einer sich st\u00e4ndig ver\u00e4ndernden und sich st\u00e4ndig weiterentwickelnden Welt; die Leidenschaft f\u00fcr Kosmetik und die starke Liebe zur Natur helfen uns und helfen Ihnen, etwas Besonderes zu erreichen.<\/span><\/p>\n<p><span style=\"font-weight: 400;\">Unser Ziel ist es, diejenigen, die uns w\u00e4hlen, zu unterst\u00fctzen und dies mit Sorgfalt und Hingabe zu tun. Die Kunden werden f\u00fcr uns zu einem strategischen Partner f\u00fcr die Schaffung von Kosmetika, die seit jeher professionell, nat\u00fcrlich, handwerklich und vollst\u00e4ndig <strong>Made in Italy<\/strong> sind.<\/span><\/p>\n<p><span style=\"font-weight: 400;\">Unsere Aufgabe ist es nicht zu mischen, zu f\u00fcllen&#8230; Unsere Aufgabe ist es, eine Idee zu formen: Ihre!<\/span><\/p>\n<\/div><\/div><\/div><\/div><\/div><\/div><\/div><\/div><\/section><div class=\"vc_row-full-width vc_clearfix\"><\/div><section class=\"vc_row wpb_row vc_row-fluid   wow fadeIn\"><div class=\"wpb_column vc_column_container vc_col-sm-12 vc_col-xs-12 wow fadeInUp\"><div class=\"vc_column-inner \"><div class=\"wpb_wrapper\"><h5 class=\"text-extra-dark-gray margin-20px-bottom font-weight-600 display-block alt-font heading-style2  vc_custom_1684492437002  heading-3\"  style=\"font-weight: 600;\">Worum es bei DELTA BKB geht.<\/h5><div class=\"last-paragraph-no-margin\" style=\"color: #232323;\"><p><span style=\"font-weight: 400;\">Unter den zahlreichen Produktionen hat <strong>DELTA BKB<\/strong> mehr Erfahrung in der Entwicklung und Herstellung von Hautpflegeprodukten, K\u00f6rperpflege, spezieller Haarpflege und professioneller Formulierung.<\/span><\/p>\n<p><span style=\"font-weight: 400;\">Wir schaffen hochwertige und <strong>innovative Produkte f\u00fcr den weltweiten<\/strong> <strong>Sch\u00f6nheitsmarkt<\/strong>.<\/span><\/p>\n<\/div><\/div><\/div><\/div><div class=\"wpb_column vc_column_container single-img-full  col-xs-mobile-fullwidth wow fadeInUp display-inline-block\"><div class=\"vc_column-inner \"><div class=\"wpb_wrapper\">[vc_single_image image=&#8220;27185&#8243; img_size=&#8220;full&#8220; alignment=&#8220;center&#8220; css=&#8220;.vc_custom_1725441521139{margin-top: 40px !important;margin-bottom: 40px !important;}&#8220;]<\/div><\/div><\/div><div class=\"wpb_column vc_column_container vc_col-sm-12 vc_col-xs-12 wow fadeInUp\"><div class=\"vc_column-inner \"><div class=\"wpb_wrapper\"><h5 class=\"text-extra-dark-gray margin-20px-bottom font-weight-600 display-block alt-font heading-style2  vc_custom_1684492561326  heading-4\"  style=\"font-weight: 600;\">Unsere Ziele<\/h5><div class=\"last-paragraph-no-margin\" style=\"color: #232323;\"><p><span style=\"font-weight: 400;\">Unser Ziel ist es nicht nur, etwas von Grund auf neu zu erstellen, sondern wir sind auch darauf ausgerichtet, ein Projekt gemeinsam voranzutreiben, die N\u00e4he zum Kunden zu vermitteln und in jedem Schritt, der zum Endergebnis f\u00fchrt, die volle Unterst\u00fctzung zu bieten.<\/span><\/p>\n<p><span style=\"font-weight: 400;\">Deshalb sind unsere <strong>Produkte<\/strong> ma\u00dfgeschneidert und k\u00f6nnen die Bed\u00fcrfnisse und Erwartungen jedes unserer Kunden erf\u00fcllen.<\/span><\/p>\n<p><span style=\"font-weight: 400;\">Ein weiteres Ziel ist es, au\u00dfergew\u00f6hnliche Produkte zu entwickeln, die das Zeichen Made in<strong> Italy tragen, streng hochwertig und nachhaltig<\/strong>, um die kosmetischen Marken jedes Landes bei der Herstellung zu unterst\u00fctzen.<\/span><\/p>\n<\/div><\/div><\/div><\/div><\/section><section data-vc-full-width=\"true\" data-vc-full-width-init=\"false\" data-vc-stretch-content=\"true\" data-parallax-background-ratio=\"0.5\" class=\"vc_row wpb_row vc_row-fluid  vc_custom_1725441546335 wow none vc_row-has-fill pofo-stretch-content parallax pofo-row-responsive-69f0c2d391c97\"><div class=\"wpb_column vc_column_container vc_col-has-fill vc_col-sm-3\/5 vc_col-md-2\/5 col-xs-mobile-fullwidth wow fadeInLeft pofo-column-responsive-69f0c2d391da3\"><div class=\"vc_column-inner vc_custom_1632834805561\"><div class=\"wpb_wrapper\"><div class=\"vc_row wpb_row vc_inner vc_row-fluid  vc_custom_1628842400420\"><div class=\"wpb_column vc_column_container vc_col-sm-12  col-xs-mobile-fullwidth\"><div class=\"vc_column-inner \"><div class=\"wpb_wrapper\"><h5 class=\"text-extra-dark-gray margin-20px-bottom font-weight-600 display-block alt-font heading-style2  vc_custom_1684492663892  heading-5\"  style=\"font-weight: 600;\">Unser Engagement<\/h5><ul class=\"no-padding list-style-4 list-style4-1 \" style=\"color: #232323;\"><li style=\"border-color: rgba(255,255,255,0.01);\"><strong>Zuh\u00f6ren<\/strong>: Wir h\u00f6ren Ihnen zu und notieren uns Ihre Bed\u00fcrfnisse.<\/li><li style=\"border-color: rgba(255,255,255,0.01);\"><strong>Support<\/strong>: Jeder Kunde ist einzigartig! Deshalb unterst\u00fctzen wir Sie Tag f\u00fcr Tag bei der Entwicklung Ihres Projekts und bauen ein Verh\u00e4ltnis von Vertrauen und Respekt auf.<\/li><li style=\"border-color: rgba(255,255,255,0.01);\"><strong>Identit\u00e4t<\/strong>: Identit\u00e4t: Schaffen Sie eine einzigartige und unterschiedliche Identit\u00e4t f\u00fcr jeden Kunden, um ihn auf den Markt zu bringen.<\/li><li style=\"border-color: rgba(255,255,255,0.01);\"><strong>Mission<\/strong>: Wir m\u00f6chten unseren Kunden stets innovative und fortschrittliche Produkte garantieren, die 100% Made in Italy sind und den h\u00f6chsten Qualit\u00e4tsstandards entsprechen.<\/li><\/ul><\/div><\/div><\/div><\/div><\/div><\/div><\/div><\/section><div class=\"vc_row-full-width vc_clearfix\"><\/div><section data-vc-full-width=\"true\" data-vc-full-width-init=\"false\" class=\"vc_row wpb_row vc_row-fluid   wow fadeIn pofo-stretch-content pofo-stretch-row-container\"><div class=\"wpb_column vc_column_container vc_col-sm-12  col-xs-mobile-fullwidth text-center\"><div class=\"vc_column-inner \"><div class=\"wpb_wrapper\"><h5 class=\"text-extra-dark-gray margin-20px-bottom font-weight-600 display-block alt-font heading-style2  vc_custom_1684492767152  heading-6\"  style=\"font-weight: 600;\">Warum uns w\u00e4hlen<\/h5><div class=\"vc_row wpb_row vc_inner vc_row-fluid xs-column-no-border-right-bottom  vc_column-gap-25 vc_row-o-equal-height vc_row-o-content-top vc_row-flex\"><div class=\"wpb_column vc_column_container vc_col-has-fill vc_col-sm-12 vc_col-md-4 col-xs-mobile-fullwidth wow fadeInUp text-center\"><div class=\"vc_column-inner vc_custom_1631893838387\"><div class=\"wpb_wrapper\"><div class=\"padding-fifteen-all xs-padding-five-lr xs-padding-ten-tb display-table-cell vertical-align-middle featurebox6-1 featurebox6 pofo-featurebox  vc_custom_1684492784275 pofo-feature-box-responsive-69f0c2d392cd7\" ><i class=\"link-icon margin-two-top text-deep-pink fas fa-search icon-large\"><\/i><div class=\"last-paragraph-no-margin margin-5px-top\"><p><span style=\"font-weight: 400;\">F\u00fcr die st\u00e4ndige Suche nach <strong>wirksamen und sicheren<\/strong> Rohstoffen f\u00fcr Formulierungen<\/span><\/p>\n<\/div><\/div><\/div><\/div><\/div><div class=\"wpb_column vc_column_container vc_col-has-fill vc_col-sm-12 vc_col-md-4 col-xs-mobile-fullwidth wow fadeInUp text-center\" data-wow-delay= 200ms><div class=\"vc_column-inner vc_custom_1631893869009\"><div class=\"wpb_wrapper\"><div class=\"padding-fifteen-all xs-padding-five-lr xs-padding-ten-tb display-table-cell vertical-align-middle featurebox6-2 featurebox6 pofo-featurebox  vc_custom_1684492806293 pofo-feature-box-responsive-69f0c2d392f82\" ><i class=\"link-icon margin-two-top text-deep-pink fas fa-clipboard-check icon-large\"><\/i><div class=\"last-paragraph-no-margin margin-5px-top\"><p><span style=\"font-weight: 400;\">F\u00fcr enge <strong>mikrobiologische Kontrollen<\/strong> der Rohstoffe und des Fertigerzeugnisses<\/span><\/p>\n<\/div><\/div><\/div><\/div><\/div><div class=\"wpb_column vc_column_container vc_col-has-fill vc_col-sm-12 vc_col-md-4 col-xs-mobile-fullwidth md-clear-both wow fadeInUp text-center\" data-wow-delay= 400ms data-clear-both=\"md-clear-both\"><div class=\"vc_column-inner vc_custom_1631893878310\"><div class=\"wpb_wrapper\"><div class=\"padding-fifteen-all xs-padding-five-lr xs-padding-ten-tb display-table-cell vertical-align-middle featurebox6-3 featurebox6 pofo-featurebox  vc_custom_1684492824369 pofo-feature-box-responsive-69f0c2d393185\" ><i class=\"link-icon margin-two-top text-deep-pink fas fa-medal icon-large\"><\/i><div class=\"last-paragraph-no-margin margin-5px-top\"><p><span style=\"font-weight: 400;\">F\u00fcr die <strong>Qualit\u00e4t<\/strong> und das <strong>Engagement<\/strong>, das wir in unsere Arbeit in Verbindung mit Nachhaltigkeit und Handwerkskunst setzen, sind unsere St\u00e4rken seit jeher<\/span><\/p>\n<\/div><\/div><\/div><\/div><\/div><\/div><\/div><\/div><\/div><\/section><div class=\"vc_row-full-width vc_clearfix\"><\/div><section class=\"vc_row wpb_row vc_row-fluid my-custom-button-row vc_custom_1634109767161 wow fadeInUp vc_row-has-fill\"><div class=\"wpb_column vc_column_container vc_col-sm-12  col-xs-mobile-fullwidth text-center md-text-center sm-text-center xs-text-center\"><div class=\"vc_column-inner \"><div class=\"wpb_wrapper\"><a  href=\"\/de\/contatti\/\" target=\"_blank\" class=\"btn pofo-button-1  wow none button-style2  btn-white  btn-extra-large  vc_custom_1685027255291\"  style=\"color:#ffffff;  border-color:#000000; \">KONTAKTIEREN SIE UNS F\u00dcR WEITERE INFORMATIONEN<\/a><\/div><\/div><\/div><\/section>\n","protected":false},"excerpt":{"rendered":"UNSERE URSPR\u00dcNGEDELTA BKB wurde in den 70er Jahren in Formigine, Provinz Modena, zwischen Natur und Architektur gegr\u00fcndet. Von Anfang an hat das Unternehmen alle seine Kr\u00e4fte darauf verwendet, Kosmetika f\u00fcr den Private-Label-Bereich zu studieren, zu formulieren und herzustellen, wobei ausschlie\u00dflich nat\u00fcrliche und qualitativ hochwertige Rohstoffe und Wirkstoffe verwendet wurden. Dank des kompetenten und dynamischen Teams, das bereit ist, alle Kundenanforderungen zu erf\u00fcllen und innovative und einzigartige Kosmetiklinien herzustellen, konnte sich DELTA BKB in diesen Jahren verbessern und seine Tr\u00e4ume in der Schublade verwirklichen, und eroberte so viele L\u00e4nder der Welt. Das Unternehmen ist auf die Entwicklung professioneller Haarlinien in Zusammenarbeit mit den wichtigsten italienischen Haarzentren spezialisiert und hat sich im Laufe der Jahre zu einem Bezugspunkt in der gesamten professionellen Kosmetikbranche entwickelt. Heute umfasst es mehr als 3000 erstellte Formeln, die auf 4 Kontinenten verteilt sind. Was macht unser Unternehmen?DELTA BKB ist f\u00fchrend in der individuellen Formulierung von wissenschaftlich getesteten und nat\u00fcrlich wirksamen K\u00f6rperpflegeprodukten. Wir produzieren Kosmetika f\u00fcr Dritte f\u00fcr diejenigen, die ihre Sch\u00f6nheits- und Wellnessprodukte an die \u00d6ffentlichkeit verkaufen m\u00f6chten. Wir verf\u00fcgen \u00fcber technisch fortschrittliche Labors, die es uns erm\u00f6glichen, einen kompletten Service zu garantieren: vom ersten Konzept bis zur Herstellung des fertigen Produkts. Wir unterst\u00fctzen unsere Kunden in...","protected":false},"author":1,"featured_media":0,"parent":0,"menu_order":0,"comment_status":"closed","ping_status":"closed","template":"","meta":[],"yoast_head":"<!-- This site is optimized with the Yoast SEO plugin v17.5 - https:\/\/yoast.com\/wordpress\/plugins\/seo\/ -->\n<title>Unternehmen | Delta BKB<\/title>\n<meta name=\"robots\" content=\"index, follow, max-snippet:-1, max-image-preview:large, max-video-preview:-1\" \/>\n<link rel=\"canonical\" href=\"https:\/\/www.delta-bkb.it\/de\/unternehmen\/\" \/>\n<meta property=\"og:locale\" content=\"de_DE\" \/>\n<meta property=\"og:type\" content=\"article\" \/>\n<meta property=\"og:title\" content=\"Unternehmen | Delta BKB\" \/>\n<meta property=\"og:url\" content=\"https:\/\/www.delta-bkb.it\/de\/unternehmen\/\" \/>\n<meta property=\"og:site_name\" content=\"Delta BKB\" \/>\n<meta property=\"article:modified_time\" content=\"2024-09-04T09:19:10+00:00\" \/>\n<meta name=\"twitter:card\" content=\"summary_large_image\" \/>\n<meta name=\"twitter:label1\" content=\"Gesch\u00e4tzte Lesezeit\" \/>\n\t<meta name=\"twitter:data1\" content=\"5\u00a0Minuten\" \/>\n<script type=\"application\/ld+json\" class=\"yoast-schema-graph\">{\"@context\":\"https:\/\/schema.org\",\"@graph\":[{\"@type\":\"WebSite\",\"@id\":\"https:\/\/www.delta-bkb.it\/#website\",\"url\":\"https:\/\/www.delta-bkb.it\/\",\"name\":\"Delta BKB\",\"description\":\"Delta BKB Laboratori Cosmetici\",\"potentialAction\":[{\"@type\":\"SearchAction\",\"target\":{\"@type\":\"EntryPoint\",\"urlTemplate\":\"https:\/\/www.delta-bkb.it\/?s={search_term_string}\"},\"query-input\":\"required name=search_term_string\"}],\"inLanguage\":\"de\"},{\"@type\":\"WebPage\",\"@id\":\"https:\/\/www.delta-bkb.it\/de\/unternehmen\/#webpage\",\"url\":\"https:\/\/www.delta-bkb.it\/de\/unternehmen\/\",\"name\":\"Unternehmen | Delta BKB\",\"isPartOf\":{\"@id\":\"https:\/\/www.delta-bkb.it\/#website\"},\"datePublished\":\"2021-09-16T10:45:01+00:00\",\"dateModified\":\"2024-09-04T09:19:10+00:00\",\"breadcrumb\":{\"@id\":\"https:\/\/www.delta-bkb.it\/de\/unternehmen\/#breadcrumb\"},\"inLanguage\":\"de\",\"potentialAction\":[{\"@type\":\"ReadAction\",\"target\":[\"https:\/\/www.delta-bkb.it\/de\/unternehmen\/\"]}]},{\"@type\":\"BreadcrumbList\",\"@id\":\"https:\/\/www.delta-bkb.it\/de\/unternehmen\/#breadcrumb\",\"itemListElement\":[{\"@type\":\"ListItem\",\"position\":1,\"name\":\"Home\",\"item\":\"https:\/\/www.delta-bkb.it\/de\/\"},{\"@type\":\"ListItem\",\"position\":2,\"name\":\"Unternehmen\"}]}]}<\/script>\n<!-- \/ Yoast SEO plugin. -->","yoast_head_json":{"title":"Unternehmen | Delta BKB","robots":{"index":"index","follow":"follow","max-snippet":"max-snippet:-1","max-image-preview":"max-image-preview:large","max-video-preview":"max-video-preview:-1"},"canonical":"https:\/\/www.delta-bkb.it\/de\/unternehmen\/","og_locale":"de_DE","og_type":"article","og_title":"Unternehmen | Delta BKB","og_url":"https:\/\/www.delta-bkb.it\/de\/unternehmen\/","og_site_name":"Delta BKB","article_modified_time":"2024-09-04T09:19:10+00:00","twitter_card":"summary_large_image","twitter_misc":{"Gesch\u00e4tzte Lesezeit":"5\u00a0Minuten"},"schema":{"@context":"https:\/\/schema.org","@graph":[{"@type":"WebSite","@id":"https:\/\/www.delta-bkb.it\/#website","url":"https:\/\/www.delta-bkb.it\/","name":"Delta BKB","description":"Delta BKB Laboratori Cosmetici","potentialAction":[{"@type":"SearchAction","target":{"@type":"EntryPoint","urlTemplate":"https:\/\/www.delta-bkb.it\/?s={search_term_string}"},"query-input":"required name=search_term_string"}],"inLanguage":"de"},{"@type":"WebPage","@id":"https:\/\/www.delta-bkb.it\/de\/unternehmen\/#webpage","url":"https:\/\/www.delta-bkb.it\/de\/unternehmen\/","name":"Unternehmen | Delta BKB","isPartOf":{"@id":"https:\/\/www.delta-bkb.it\/#website"},"datePublished":"2021-09-16T10:45:01+00:00","dateModified":"2024-09-04T09:19:10+00:00","breadcrumb":{"@id":"https:\/\/www.delta-bkb.it\/de\/unternehmen\/#breadcrumb"},"inLanguage":"de","potentialAction":[{"@type":"ReadAction","target":["https:\/\/www.delta-bkb.it\/de\/unternehmen\/"]}]},{"@type":"BreadcrumbList","@id":"https:\/\/www.delta-bkb.it\/de\/unternehmen\/#breadcrumb","itemListElement":[{"@type":"ListItem","position":1,"name":"Home","item":"https:\/\/www.delta-bkb.it\/de\/"},{"@type":"ListItem","position":2,"name":"Unternehmen"}]}]}},"_links":{"self":[{"href":"https:\/\/www.delta-bkb.it\/de\/wp-json\/wp\/v2\/pages\/25587"}],"collection":[{"href":"https:\/\/www.delta-bkb.it\/de\/wp-json\/wp\/v2\/pages"}],"about":[{"href":"https:\/\/www.delta-bkb.it\/de\/wp-json\/wp\/v2\/types\/page"}],"author":[{"embeddable":true,"href":"https:\/\/www.delta-bkb.it\/de\/wp-json\/wp\/v2\/users\/1"}],"replies":[{"embeddable":true,"href":"https:\/\/www.delta-bkb.it\/de\/wp-json\/wp\/v2\/comments?post=25587"}],"version-history":[{"count":6,"href":"https:\/\/www.delta-bkb.it\/de\/wp-json\/wp\/v2\/pages\/25587\/revisions"}],"predecessor-version":[{"id":27254,"href":"https:\/\/www.delta-bkb.it\/de\/wp-json\/wp\/v2\/pages\/25587\/revisions\/27254"}],"wp:attachment":[{"href":"https:\/\/www.delta-bkb.it\/de\/wp-json\/wp\/v2\/media?parent=25587"}],"curies":[{"name":"wp","href":"https:\/\/api.w.org\/{rel}","templated":true}]}}