{"id":25707,"date":"2021-09-17T10:14:41","date_gmt":"2021-09-17T08:14:41","guid":{"rendered":"https:\/\/www.delta-bkb.it\/produzione-cosmetici-made-in-italy\/"},"modified":"2024-09-04T11:22:47","modified_gmt":"2024-09-04T09:22:47","slug":"made-in-italy","status":"publish","type":"page","link":"https:\/\/www.delta-bkb.it\/de\/made-in-italy\/","title":{"rendered":"Made In Italy"},"content":{"rendered":"<section data-vc-full-width=\"true\" data-vc-full-width-init=\"false\" class=\"vc_row wpb_row vc_row-fluid   wow fadeIn pofo-stretch-content pofo-stretch-row-container\"><div class=\"wpb_column vc_column_container vc_col-sm-12 vc_col-xs-12 text-center md-text-center sm-text-center xs-text-center\"><div class=\"vc_column-inner \"><div class=\"wpb_wrapper\"><h5 class=\"text-extra-dark-gray margin-20px-bottom font-weight-600 display-block alt-font heading-style2  vc_custom_1684493046399  heading-1\"  style=\"font-weight: 600;\">IN DEN KREATIONEN VON DELTA BKB STECKT DIE SEELE DER ITALIENISCHEN HANDWERKSKUNST<\/h5><\/div><\/div><\/div><\/section><div class=\"vc_row-full-width vc_clearfix\"><\/div><section data-vc-full-width=\"true\" data-vc-full-width-init=\"false\" data-vc-stretch-content=\"true\" data-parallax-background-ratio=\"0.2\" class=\"vc_row wpb_row vc_row-fluid  vc_custom_1725441723819 wow none vc_row-has-fill pofo-stretch-content parallax pofo-row-responsive-69f0c443dd5e0\"><div class=\"wpb_column vc_column_container vc_col-has-fill vc_col-sm-3\/5 vc_col-md-2\/5 col-xs-mobile-fullwidth wow fadeInLeft pofo-column-responsive-69f0c443dd64f\"><div class=\"vc_column-inner vc_custom_1632836199025\"><div class=\"wpb_wrapper\"><div class=\"vc_row wpb_row vc_inner vc_row-fluid  vc_custom_1628842400420\"><div class=\"wpb_column vc_column_container vc_col-sm-12  col-xs-mobile-fullwidth\"><div class=\"vc_column-inner \"><div class=\"wpb_wrapper\"><h5 class=\"text-extra-dark-gray margin-20px-bottom font-weight-600 display-block alt-font heading-style2  vc_custom_1684493069056  heading-2\"  style=\"font-weight: 600;\">Was genau bedeutet Made in Italy?<\/h5><div class=\"last-paragraph-no-margin\" style=\"color: #232323;\"><p><span style=\"font-weight: 400;\">Die Marke &#8222;Made in Italy&#8220;, die vom Institut zum Schutz der italienischen Hersteller zertifiziert ist, zeigt die vollst\u00e4ndige und tats\u00e4chliche italienische Herkunft und Produktion des Produkts, das seinen Namen tr\u00e4gt. Die langen Traditionen und das Wissen, das in der Verarbeitung der in Italien hergestellten handwerklichen Produkte steckt, erm\u00f6glichen es, dem Endprodukt einen gro\u00dfen Mehrwert zu verleihen.<\/span><\/p>\n<p><span style=\"font-weight: 400;\">Die Marke &#8222;Made in Italy&#8220; ist Ausdruck von hoher Qualit\u00e4t und typisch italienischer Kreativit\u00e4t, die auf der ganzen Welt bekannt und gesch\u00e4tzt is<\/span><\/p>\n<\/div><\/div><\/div><\/div><\/div><\/div><\/div><\/div><\/section><div class=\"vc_row-full-width vc_clearfix\"><\/div><section class=\"vc_row wpb_row vc_row-fluid   wow fadeIn vc_row-o-equal-height vc_row-o-content-middle vc_row-flex\"><div class=\"wpb_column vc_column_container vc_col-sm-12 vc_col-xs-12 wow fadeInUp\"><div class=\"vc_column-inner \"><div class=\"wpb_wrapper\"><h5 class=\"text-extra-dark-gray margin-20px-bottom font-weight-600 display-block alt-font heading-style2  vc_custom_1684493082612  heading-3\"  style=\"font-weight: 600;\">Unser Made in Italy<\/h5><div class=\"last-paragraph-no-margin\" style=\"color: #232323;\"><p><span style=\"font-weight: 400;\">Unsere Produkte werden zu 100% in unserem Hauptsitz in Italien entworfen und hergestellt.<\/span><\/p>\n<p><span style=\"font-weight: 400;\">Made in Italy ist der rote Faden aller Produkte, die wir herstellen, und dr\u00fcckt sich in jeder Phase der Verarbeitung aus, die der Idee Form gibt. Unsere Ziele sind Qualit\u00e4t und Exzellenz, zwei Eigenschaften, die handwerkliche Produkte auszeichnen.<\/span><\/p>\n<p><span style=\"font-weight: 400;\">Unsere Kosmetika sind nicht nur einfache L\u00f6sungen, sondern eine Mischung aus Geschichte, Tradition und Leidenschaft.<\/span><\/p>\n<p><span style=\"font-weight: 400;\">Achtung: Mit dem Begriff Handwerkskunst wollen wir nicht die Botschaft vermitteln, nicht auf die Zukunft ausgerichtet zu sein, sondern wir haben immer ein Auge f\u00fcr Innovation!<\/span><\/p>\n<\/div><\/div><\/div><\/div><div class=\"wpb_column vc_column_container vc_col-sm-12 vc_col-xs-12 wow fadeInUp\"><div class=\"vc_column-inner \"><div class=\"wpb_wrapper\">[vc_single_image image=&#8220;27195&#8243; img_size=&#8220;full&#8220; alignment=&#8220;center&#8220; css=&#8220;.vc_custom_1725441760930{margin-top: 40px !important;margin-bottom: 40px !important;}&#8220;]<\/div><\/div><\/div><div class=\"wpb_column vc_column_container vc_col-sm-12 vc_col-xs-12 wow fadeInUp\"><div class=\"vc_column-inner \"><div class=\"wpb_wrapper\"><div class=\" vc_custom_1684493121491 last-paragraph-no-margin\" style=\"color: #232323;\"><p><span style=\"font-weight: 400;\">Jedes Produkt entsteht aus langer Arbeit und wird mit handwerklichem Geist und innovativem Denken verarbeitet. Ihre St\u00e4rke liegt in der Vereinigung zweier fast gegens\u00e4tzlicher Elemente: <strong>Wissenschaft<\/strong> und <strong>Handwerkskunst<\/strong>.<\/span><\/p>\n<\/div><div class=\"last-paragraph-no-margin\" style=\"color: #232323;\"><p><span style=\"font-weight: 400;\"><strong>Handwerk<\/strong> + <strong>Nachhaltigkeit<\/strong> + <strong>Qualit\u00e4t<\/strong>: Das ist die perfekte Formel. Hier sind die 3 inspirierenden Konzepte f\u00fcr jedes unserer Projekte, die unverzichtbar sind, um das zu verwirklichen, was bis vor kurzem eine Idee war.<\/span><\/p>\n<\/div><\/div><\/div><\/div><\/section><section class=\"vc_row wpb_row vc_row-fluid my-custom-button-row vc_custom_1634109801737 wow fadeInUp vc_row-has-fill\"><div class=\"wpb_column vc_column_container vc_col-sm-12  col-xs-mobile-fullwidth text-center md-text-center sm-text-center xs-text-center\"><div class=\"vc_column-inner \"><div class=\"wpb_wrapper\"><a  href=\"\/de\/contatti\/\" target=\"_blank\" class=\"btn pofo-button-1  wow none button-style2  btn-white  btn-extra-large  vc_custom_1685027344490\"  style=\"color:#ffffff;  border-color:#000000; \">KONTAKTIEREN SIE UNS F\u00dcR WEITERE INFORMATIONEN<\/a><\/div><\/div><\/div><\/section>\n","protected":false},"excerpt":{"rendered":"IN DEN KREATIONEN VON DELTA BKB STECKT DIE SEELE DER ITALIENISCHEN HANDWERKSKUNSTWas genau bedeutet Made in Italy?Die Marke \"Made in Italy\", die vom Institut zum Schutz der italienischen Hersteller zertifiziert ist, zeigt die vollst\u00e4ndige und tats\u00e4chliche italienische Herkunft und Produktion des Produkts, das seinen Namen tr\u00e4gt. Die langen Traditionen und das Wissen, das in der Verarbeitung der in Italien hergestellten handwerklichen Produkte steckt, erm\u00f6glichen es, dem Endprodukt einen gro\u00dfen Mehrwert zu verleihen. Die Marke \"Made in Italy\" ist Ausdruck von hoher Qualit\u00e4t und typisch italienischer Kreativit\u00e4t, die auf der ganzen Welt bekannt und gesch\u00e4tzt is Unser Made in ItalyUnsere Produkte werden zu 100% in unserem Hauptsitz in Italien entworfen und hergestellt. Made in Italy ist der rote Faden aller Produkte, die wir herstellen, und dr\u00fcckt sich in jeder Phase der Verarbeitung aus, die der Idee Form gibt. Unsere Ziele sind Qualit\u00e4t und Exzellenz, zwei Eigenschaften, die handwerkliche Produkte auszeichnen. Unsere Kosmetika sind nicht nur einfache L\u00f6sungen, sondern eine Mischung aus Geschichte, Tradition und Leidenschaft. Achtung: Mit dem Begriff Handwerkskunst wollen wir nicht die Botschaft vermitteln, nicht auf die Zukunft ausgerichtet zu sein, sondern wir haben immer ein Auge f\u00fcr Innovation! [vc_single_image image=\"27195\" img_size=\"full\" alignment=\"center\" css=\".vc_custom_1725441760930{margin-top: 40px !important;margin-bottom: 40px !important;}\"]Jedes Produkt...","protected":false},"author":1,"featured_media":0,"parent":0,"menu_order":0,"comment_status":"closed","ping_status":"closed","template":"","meta":[],"yoast_head":"<!-- This site is optimized with the Yoast SEO plugin v17.5 - https:\/\/yoast.com\/wordpress\/plugins\/seo\/ -->\n<title>Made In Italy | Delta BKB<\/title>\n<meta name=\"description\" content=\"Made in italy\" \/>\n<meta name=\"robots\" content=\"index, follow, max-snippet:-1, max-image-preview:large, max-video-preview:-1\" \/>\n<link rel=\"canonical\" href=\"https:\/\/www.delta-bkb.it\/de\/made-in-italy\/\" \/>\n<meta property=\"og:locale\" content=\"de_DE\" \/>\n<meta property=\"og:type\" content=\"article\" \/>\n<meta property=\"og:title\" content=\"Made In Italy | Delta BKB\" \/>\n<meta property=\"og:description\" content=\"Made in italy\" \/>\n<meta property=\"og:url\" content=\"https:\/\/www.delta-bkb.it\/de\/made-in-italy\/\" \/>\n<meta property=\"og:site_name\" content=\"Delta BKB\" \/>\n<meta property=\"article:modified_time\" content=\"2024-09-04T09:22:47+00:00\" \/>\n<meta name=\"twitter:card\" content=\"summary_large_image\" \/>\n<meta name=\"twitter:label1\" content=\"Gesch\u00e4tzte Lesezeit\" \/>\n\t<meta name=\"twitter:data1\" content=\"3\u00a0Minuten\" \/>\n<script type=\"application\/ld+json\" class=\"yoast-schema-graph\">{\"@context\":\"https:\/\/schema.org\",\"@graph\":[{\"@type\":\"WebSite\",\"@id\":\"https:\/\/www.delta-bkb.it\/#website\",\"url\":\"https:\/\/www.delta-bkb.it\/\",\"name\":\"Delta BKB\",\"description\":\"Delta BKB Laboratori Cosmetici\",\"potentialAction\":[{\"@type\":\"SearchAction\",\"target\":{\"@type\":\"EntryPoint\",\"urlTemplate\":\"https:\/\/www.delta-bkb.it\/?s={search_term_string}\"},\"query-input\":\"required name=search_term_string\"}],\"inLanguage\":\"de\"},{\"@type\":\"WebPage\",\"@id\":\"https:\/\/www.delta-bkb.it\/de\/made-in-italy\/#webpage\",\"url\":\"https:\/\/www.delta-bkb.it\/de\/made-in-italy\/\",\"name\":\"Made In Italy | Delta BKB\",\"isPartOf\":{\"@id\":\"https:\/\/www.delta-bkb.it\/#website\"},\"datePublished\":\"2021-09-17T08:14:41+00:00\",\"dateModified\":\"2024-09-04T09:22:47+00:00\",\"description\":\"Made in italy\",\"breadcrumb\":{\"@id\":\"https:\/\/www.delta-bkb.it\/de\/made-in-italy\/#breadcrumb\"},\"inLanguage\":\"de\",\"potentialAction\":[{\"@type\":\"ReadAction\",\"target\":[\"https:\/\/www.delta-bkb.it\/de\/made-in-italy\/\"]}]},{\"@type\":\"BreadcrumbList\",\"@id\":\"https:\/\/www.delta-bkb.it\/de\/made-in-italy\/#breadcrumb\",\"itemListElement\":[{\"@type\":\"ListItem\",\"position\":1,\"name\":\"Home\",\"item\":\"https:\/\/www.delta-bkb.it\/de\/\"},{\"@type\":\"ListItem\",\"position\":2,\"name\":\"Made In Italy\"}]}]}<\/script>\n<!-- \/ Yoast SEO plugin. -->","yoast_head_json":{"title":"Made In Italy | Delta BKB","description":"Made in italy","robots":{"index":"index","follow":"follow","max-snippet":"max-snippet:-1","max-image-preview":"max-image-preview:large","max-video-preview":"max-video-preview:-1"},"canonical":"https:\/\/www.delta-bkb.it\/de\/made-in-italy\/","og_locale":"de_DE","og_type":"article","og_title":"Made In Italy | Delta BKB","og_description":"Made in italy","og_url":"https:\/\/www.delta-bkb.it\/de\/made-in-italy\/","og_site_name":"Delta BKB","article_modified_time":"2024-09-04T09:22:47+00:00","twitter_card":"summary_large_image","twitter_misc":{"Gesch\u00e4tzte Lesezeit":"3\u00a0Minuten"},"schema":{"@context":"https:\/\/schema.org","@graph":[{"@type":"WebSite","@id":"https:\/\/www.delta-bkb.it\/#website","url":"https:\/\/www.delta-bkb.it\/","name":"Delta BKB","description":"Delta BKB Laboratori Cosmetici","potentialAction":[{"@type":"SearchAction","target":{"@type":"EntryPoint","urlTemplate":"https:\/\/www.delta-bkb.it\/?s={search_term_string}"},"query-input":"required name=search_term_string"}],"inLanguage":"de"},{"@type":"WebPage","@id":"https:\/\/www.delta-bkb.it\/de\/made-in-italy\/#webpage","url":"https:\/\/www.delta-bkb.it\/de\/made-in-italy\/","name":"Made In Italy | Delta BKB","isPartOf":{"@id":"https:\/\/www.delta-bkb.it\/#website"},"datePublished":"2021-09-17T08:14:41+00:00","dateModified":"2024-09-04T09:22:47+00:00","description":"Made in italy","breadcrumb":{"@id":"https:\/\/www.delta-bkb.it\/de\/made-in-italy\/#breadcrumb"},"inLanguage":"de","potentialAction":[{"@type":"ReadAction","target":["https:\/\/www.delta-bkb.it\/de\/made-in-italy\/"]}]},{"@type":"BreadcrumbList","@id":"https:\/\/www.delta-bkb.it\/de\/made-in-italy\/#breadcrumb","itemListElement":[{"@type":"ListItem","position":1,"name":"Home","item":"https:\/\/www.delta-bkb.it\/de\/"},{"@type":"ListItem","position":2,"name":"Made In Italy"}]}]}},"_links":{"self":[{"href":"https:\/\/www.delta-bkb.it\/de\/wp-json\/wp\/v2\/pages\/25707"}],"collection":[{"href":"https:\/\/www.delta-bkb.it\/de\/wp-json\/wp\/v2\/pages"}],"about":[{"href":"https:\/\/www.delta-bkb.it\/de\/wp-json\/wp\/v2\/types\/page"}],"author":[{"embeddable":true,"href":"https:\/\/www.delta-bkb.it\/de\/wp-json\/wp\/v2\/users\/1"}],"replies":[{"embeddable":true,"href":"https:\/\/www.delta-bkb.it\/de\/wp-json\/wp\/v2\/comments?post=25707"}],"version-history":[{"count":4,"href":"https:\/\/www.delta-bkb.it\/de\/wp-json\/wp\/v2\/pages\/25707\/revisions"}],"predecessor-version":[{"id":27256,"href":"https:\/\/www.delta-bkb.it\/de\/wp-json\/wp\/v2\/pages\/25707\/revisions\/27256"}],"wp:attachment":[{"href":"https:\/\/www.delta-bkb.it\/de\/wp-json\/wp\/v2\/media?parent=25707"}],"curies":[{"name":"wp","href":"https:\/\/api.w.org\/{rel}","templated":true}]}}