{"id":25710,"date":"2021-09-24T12:48:19","date_gmt":"2021-09-24T10:48:19","guid":{"rendered":"https:\/\/www.delta-bkb.it\/ambiente-produzione-cosmetici-naturali-conto-terzi\/"},"modified":"2024-09-04T11:31:23","modified_gmt":"2024-09-04T09:31:23","slug":"ambiente-produzione-cosmetici-naturali-conto-terzi","status":"publish","type":"page","link":"https:\/\/www.delta-bkb.it\/de\/ambiente-produzione-cosmetici-naturali-conto-terzi\/","title":{"rendered":"Umwelt"},"content":{"rendered":"<section class=\"vc_row wpb_row vc_row-fluid   wow fadeIn\"><div class=\"wpb_column vc_column_container vc_col-sm-12 vc_col-xs-12\"><div class=\"vc_column-inner \"><div class=\"wpb_wrapper\"><h5 class=\"text-extra-dark-gray margin-20px-bottom font-weight-600 display-block alt-font heading-style2  vc_custom_1684493339289  heading-1\"  style=\"font-weight: 600;\">UMWELTSCHUTZ UND NACHHALTIGKEIT SIND UNSERE PRIORIT\u00c4T<\/h5><div class=\"last-paragraph-no-margin\" style=\"color: #232323;\"><p><span style=\"font-weight: 400;\"><strong>DELTA BKB<\/strong> ist stolz darauf, eine gr\u00fcne Philosophie zu unterst\u00fctzen und beginnt, <strong>100%<\/strong> nat\u00fcrliche Kosmetikprodukte und recycelbare Verpackungen f\u00fcr Haar-, Gesichts- und K\u00f6rperpflegeprodukte herzustellen.<\/span><\/p>\n<\/div><\/div><\/div><\/div><\/section><section data-vc-full-width=\"true\" data-vc-full-width-init=\"false\" data-vc-stretch-content=\"true\" data-parallax-background-ratio=\"0.2\" class=\"vc_row wpb_row vc_row-fluid  vc_custom_1725442150548 wow none vc_row-has-fill pofo-stretch-content parallax pofo-row-responsive-69f0c216a1896\"><div class=\"wpb_column vc_column_container vc_col-has-fill vc_col-sm-3\/5 vc_col-md-2\/5 col-xs-mobile-fullwidth wow fadeInRight pofo-column-responsive-69f0c216a19b4\"><div class=\"vc_column-inner vc_custom_1632836137698\"><div class=\"wpb_wrapper\"><div class=\"vc_row wpb_row vc_inner vc_row-fluid  vc_custom_1628841405003\"><div class=\"wpb_column vc_column_container vc_col-sm-12  col-xs-mobile-fullwidth\"><div class=\"vc_column-inner \"><div class=\"wpb_wrapper\"><h5 class=\"text-extra-dark-gray margin-20px-bottom font-weight-600 display-block alt-font heading-style2  vc_custom_1684493357781  heading-2\"  style=\"font-weight: 600;\">R\u00fccksicht auf die Umwelt<\/h5><div class=\"last-paragraph-no-margin\" style=\"color: #232323;\"><p><span style=\"font-weight: 400;\">Wir bieten sowohl klassische Kunststoffverpackungen als auch umweltfreundliche Verpackungen an, die dank der Entwicklung umweltfreundlicher L\u00f6sungen hergestellt werden.<\/span><\/p>\n<p><span style=\"font-weight: 400;\">Unsere Produkte sind so konzipiert, dass sie eine &#8222;umweltbewusste&#8220; Kultur der Kosmetik f\u00f6rdern, indem sie bei der Herstellung nur ausgew\u00e4hlte Rohstoffe verwenden, die sicher sind und einen sehr hohen Qualit\u00e4tsstandard garantieren.<\/span><\/p>\n<p>&nbsp;<\/p>\n<p><span style=\"font-weight: 400;\">Wir verwenden pflanzliche Substanzen anstelle von synthetischen Produkten und wertvollen nat\u00fcrlichen \u00d6len als Ersatz f\u00fcr Petrolatum und tierische Fette.<\/span><\/p>\n<p><span style=\"font-weight: 400;\">Kosmetische Labors DELTA BKB sagt &#8222;NEIN&#8220; zu: GVO, PARABENE, KONSERVIERUNGSSTOFFE SYNTHETISCHEN URSPRUNGS, MINERAL\u00d6LE, PETROLATE UND SILIKONE, AGGRESSIVE TENSIDE, TIERISCHE STOFFE UND TIERVERSUCHE, GLUTEN, ACRYLATE, FARBSTOFFE.<\/span><\/p>\n<\/div><\/div><\/div><\/div><\/div><\/div><\/div><\/div><\/section><div class=\"vc_row-full-width vc_clearfix\"><\/div><section id=\"about\" data-vc-full-width=\"true\" data-vc-full-width-init=\"false\" class=\"vc_row wpb_row vc_row-fluid   cover-background pofo-stretch-content pofo-stretch-row-container vc_row-o-content-middle vc_row-flex\"><div class=\"wpb_column vc_column_container vc_col-sm-6  col-xs-mobile-fullwidth wow fadeInLeft pofo-column-responsive-69f0c216a1dad\"><div class=\"vc_column-inner \"><div class=\"wpb_wrapper\">[vc_single_image image=&#8220;27202&#8243; img_size=&#8220;full&#8220; alignment=&#8220;center&#8220;]<\/div><\/div><\/div><div class=\"wpb_column vc_column_container vc_col-sm-6  col-xs-mobile-fullwidth wow fadeInRight pofo-column-responsive-69f0c216a1e2a\"><div class=\"vc_column-inner vc_custom_1632480472410\"><div class=\"wpb_wrapper\"><h4 class=\"text-extra-dark-gray margin-20px-bottom font-weight-600 display-inline-block alt-font heading-style2  heading-3\"  style=\"font-weight: 600;\">100% Made in Italy:<\/h4><div class=\" vc_custom_1684493443637 last-paragraph-no-margin\" style=\"color: #232323;\"><p><span style=\"font-weight: 400;\"><strong>Die Marke Made in Italy<\/strong> steht f\u00fcr Italianit\u00e0 sowohl in der Forschung als auch in der Produktion, um hohe Qualit\u00e4tsstandards zu gew\u00e4hrleisten.<\/span><\/p>\n<\/div><h4 class=\"text-extra-dark-gray margin-20px-bottom font-weight-600 display-inline-block alt-font heading-style2  heading-4\"  style=\"font-weight: 600;\">Innovation und Forschung:<\/h4><div class=\" vc_custom_1684493467547 last-paragraph-no-margin\" style=\"color: #232323;\"><p><span style=\"font-weight: 400;\">Im Forschungs- und Entwicklungslabor werden neue Rohstoffe bewertet und neue kosmetische Formulierungen untersucht. Im Inneren werden st\u00e4ndig neue exklusive Formeln entwickelt, um unnachahmliche kosmetische Produkte herzustellen.<\/span><\/p>\n<\/div><a  href=\"\/de\/contatti\/\" target=\"_blank\" class=\"btn pofo-button-1  wow fadeInUp button-style2  btn-white  btn-medium   vc_custom_1685027417861\"  style=\"color:#ffffff;  border-color:#000000; \">KONTAKTIEREN SIE UNS F\u00dcR WEITERE INFORMATIONEN<\/a><\/div><\/div><\/div><\/section><div class=\"vc_row-full-width vc_clearfix\"><\/div><section data-vc-full-width=\"true\" data-vc-full-width-init=\"false\" class=\"vc_row wpb_row vc_row-fluid   wow fadeIn pofo-stretch-content pofo-stretch-row-container vc_row-o-equal-height vc_row-flex\"><div class=\"wpb_column vc_column_container vc_col-sm-12  col-xs-mobile-fullwidth wow fadeInUp text-center md-text-center sm-text-center xs-text-left\"><div class=\"vc_column-inner \"><div class=\"wpb_wrapper\"><h4 class=\"text-extra-dark-gray margin-20px-bottom font-weight-600 display-block alt-font heading-style2  vc_custom_1684493498954  heading-5\"  style=\"font-weight: 600;\">Die Herstellung eines Produktes erfolgt in drei Schritten:<\/h4><\/div><\/div><\/div><div class=\"wpb_column vc_column_container vc_col-sm-12 vc_col-md-4 vc_col-xs-12 wow fadeInUp text-center pofo-column-responsive-69f0c216a23d3\"><div class=\"vc_column-inner \"><div class=\"wpb_wrapper\"><div class=\"feature-box-16 xs-width-100 featurebox15-1 featurebox15 pofo-featurebox\" ><img src=\"https:\/\/www.delta-bkb.it\/wp-content\/uploads\/2024\/09\/4-1.webp\" width=\"700\" height=\"900\"  alt=\"\" srcset=\"https:\/\/www.delta-bkb.it\/wp-content\/uploads\/2024\/09\/4-1.webp 700w, https:\/\/www.delta-bkb.it\/wp-content\/uploads\/2024\/09\/4-1-233x300.webp 233w, https:\/\/www.delta-bkb.it\/wp-content\/uploads\/2024\/09\/4-1-600x771.webp 600w, https:\/\/www.delta-bkb.it\/wp-content\/uploads\/2024\/09\/4-1-120x154.webp 120w, https:\/\/www.delta-bkb.it\/wp-content\/uploads\/2024\/09\/4-1-81x104.webp 81w\" sizes=\"(max-width: 700px) 100vw, 700px\" class=\"icon-image\"\/><div class=\"feature-box-content\"><div class=\"opacity-full-dark bg-extra-dark-gray\" ><\/div><div class=\"display-table height-100 width-100 position-relative\"><div class=\"vertical-align-middle display-table-cell padding-15px-lr padding-20px-tb\"><div class=\"text-white alt-font text-medium margin-15px-bottom\" style=\"color: #ffffff;\">QUALIT\u00c4TSKONTROLLE<\/div><div class=\"center-col text-extra-light-gray last-paragraph-no-margin width-85\"><p><span style=\"font-weight: 400;\">Jede Formel wird &#8222;gestresst&#8220;, ein Prozess, der notwendig ist, um die <strong>chemische Stabilit\u00e4t<\/strong> und die <strong>Haltbarkeit vorherzusagen.<\/strong><\/span><\/p>\n<\/div><\/div><\/div><\/div><\/div><\/div><\/div><\/div><div class=\"wpb_column vc_column_container vc_col-sm-12 vc_col-md-4 vc_col-xs-12 wow fadeInUp text-center pofo-column-responsive-69f0c216a2cf3\" data-wow-delay= 200ms><div class=\"vc_column-inner \"><div class=\"wpb_wrapper\"><div class=\"feature-box-16 xs-width-100 featurebox15-2 featurebox15 pofo-featurebox\" ><img src=\"https:\/\/www.delta-bkb.it\/wp-content\/uploads\/2024\/09\/1-2.webp\" width=\"700\" height=\"900\"  alt=\"\" srcset=\"https:\/\/www.delta-bkb.it\/wp-content\/uploads\/2024\/09\/1-2.webp 700w, https:\/\/www.delta-bkb.it\/wp-content\/uploads\/2024\/09\/1-2-233x300.webp 233w, https:\/\/www.delta-bkb.it\/wp-content\/uploads\/2024\/09\/1-2-600x771.webp 600w, https:\/\/www.delta-bkb.it\/wp-content\/uploads\/2024\/09\/1-2-120x154.webp 120w, https:\/\/www.delta-bkb.it\/wp-content\/uploads\/2024\/09\/1-2-81x104.webp 81w\" sizes=\"(max-width: 700px) 100vw, 700px\" class=\"icon-image\"\/><div class=\"feature-box-content\"><div class=\"opacity-full-dark bg-extra-dark-gray\" ><\/div><div class=\"display-table height-100 width-100 position-relative\"><div class=\"vertical-align-middle display-table-cell padding-15px-lr padding-20px-tb\"><div class=\"text-white alt-font text-medium margin-15px-bottom\">\u00dcBERPR\u00dcFEN<\/div><div class=\"center-col text-extra-light-gray last-paragraph-no-margin width-85\"><p><span style=\"font-weight: 400;\">Wir pr\u00fcfen die <strong>Produktstabilit\u00e4t<\/strong>, die <strong>Sicherheit<\/strong> der Verwendung, die neuen Verpackungsmaterialien und deren Kompatibilit\u00e4t.<\/span><\/p>\n<\/div><\/div><\/div><\/div><\/div><\/div><\/div><\/div><div class=\"wpb_column vc_column_container vc_col-sm-12 vc_col-md-4 vc_col-xs-12 wow fadeInUp text-center pofo-column-responsive-69f0c216a331a\" data-wow-delay= 400ms><div class=\"vc_column-inner \"><div class=\"wpb_wrapper\"><div class=\"feature-box-16 xs-width-100 featurebox15-3 featurebox15 pofo-featurebox\" ><img src=\"https:\/\/www.delta-bkb.it\/wp-content\/uploads\/2024\/09\/3-1.webp\" width=\"700\" height=\"900\"  alt=\"\" srcset=\"https:\/\/www.delta-bkb.it\/wp-content\/uploads\/2024\/09\/3-1.webp 700w, https:\/\/www.delta-bkb.it\/wp-content\/uploads\/2024\/09\/3-1-233x300.webp 233w, https:\/\/www.delta-bkb.it\/wp-content\/uploads\/2024\/09\/3-1-600x771.webp 600w, https:\/\/www.delta-bkb.it\/wp-content\/uploads\/2024\/09\/3-1-120x154.webp 120w, https:\/\/www.delta-bkb.it\/wp-content\/uploads\/2024\/09\/3-1-81x104.webp 81w\" sizes=\"(max-width: 700px) 100vw, 700px\" class=\"icon-image\"\/><div class=\"feature-box-content\"><div class=\"opacity-full-dark bg-extra-dark-gray\" ><\/div><div class=\"display-table height-100 width-100 position-relative\"><div class=\"vertical-align-middle display-table-cell padding-15px-lr padding-20px-tb\"><div class=\"text-white alt-font text-medium margin-15px-bottom\">FORMULIERUNG<\/div><div class=\"center-col text-extra-light-gray last-paragraph-no-margin width-85\"><p><span style=\"font-weight: 400;\">Wir sind in der Lage, <strong>innovative<\/strong>, <strong>nat\u00fcrliche<\/strong> und <strong>biologische<\/strong> <strong>Formulierungen<\/strong> zu entwickeln: Wir fertigen das Produkt nach den individuellen Bed\u00fcrfnissen unter Einhaltung der hohen Sicherheits- und <strong>Qualit\u00e4tsstandards<\/strong>.<\/span><\/p>\n<p>&nbsp;<\/p>\n<p><span style=\"font-weight: 400;\">Ausgehend von einer Idee liefern wir die ersten Prototypen, um Feedback zu erhalten und gemeinsam an der Perfektionierung des Produkts zu arbeiten, bis wir die <strong>perfekte Kosmetik erhalten<\/strong>.<\/span><\/p>\n<\/div><\/div><\/div><\/div><\/div><\/div><\/div><\/div><\/section><div class=\"vc_row-full-width vc_clearfix\"><\/div><section class=\"vc_row wpb_row vc_row-fluid my-custom-button-row vc_custom_1634109739569 wow fadeInUp vc_row-has-fill\"><div class=\"wpb_column vc_column_container vc_col-sm-12  col-xs-mobile-fullwidth text-center md-text-center sm-text-center xs-text-center\"><div class=\"vc_column-inner \"><div class=\"wpb_wrapper\"><a  href=\"\/de\/contatti\/\" target=\"_blank\" class=\"btn pofo-button-2  wow none button-style2  btn-white  btn-extra-large  vc_custom_1685027437276\"  style=\"color:#ffffff;  border-color:#000000; \">KONTAKTIEREN SIE UNS F\u00dcR WEITERE INFORMATIONEN<\/a><\/div><\/div><\/div><\/section>\n","protected":false},"excerpt":{"rendered":"UMWELTSCHUTZ UND NACHHALTIGKEIT SIND UNSERE PRIORIT\u00c4TDELTA BKB ist stolz darauf, eine gr\u00fcne Philosophie zu unterst\u00fctzen und beginnt, 100% nat\u00fcrliche Kosmetikprodukte und recycelbare Verpackungen f\u00fcr Haar-, Gesichts- und K\u00f6rperpflegeprodukte herzustellen. R\u00fccksicht auf die UmweltWir bieten sowohl klassische Kunststoffverpackungen als auch umweltfreundliche Verpackungen an, die dank der Entwicklung umweltfreundlicher L\u00f6sungen hergestellt werden. Unsere Produkte sind so konzipiert, dass sie eine \"umweltbewusste\" Kultur der Kosmetik f\u00f6rdern, indem sie bei der Herstellung nur ausgew\u00e4hlte Rohstoffe verwenden, die sicher sind und einen sehr hohen Qualit\u00e4tsstandard garantieren. &nbsp; Wir verwenden pflanzliche Substanzen anstelle von synthetischen Produkten und wertvollen nat\u00fcrlichen \u00d6len als Ersatz f\u00fcr Petrolatum und tierische Fette. Kosmetische Labors DELTA BKB sagt \"NEIN\" zu: GVO, PARABENE, KONSERVIERUNGSSTOFFE SYNTHETISCHEN URSPRUNGS, MINERAL\u00d6LE, PETROLATE UND SILIKONE, AGGRESSIVE TENSIDE, TIERISCHE STOFFE UND TIERVERSUCHE, GLUTEN, ACRYLATE, FARBSTOFFE. [vc_single_image image=\"27202\" img_size=\"full\" alignment=\"center\"]100% Made in Italy:Die Marke Made in Italy steht f\u00fcr Italianit\u00e0 sowohl in der Forschung als auch in der Produktion, um hohe Qualit\u00e4tsstandards zu gew\u00e4hrleisten. Innovation und Forschung:Im Forschungs- und Entwicklungslabor werden neue Rohstoffe bewertet und neue kosmetische Formulierungen untersucht. Im Inneren werden st\u00e4ndig neue exklusive Formeln entwickelt, um unnachahmliche kosmetische Produkte herzustellen. KONTAKTIEREN SIE UNS F\u00dcR WEITERE INFORMATIONENDie Herstellung eines Produktes erfolgt in drei Schritten:QUALIT\u00c4TSKONTROLLEJede Formel wird \"gestresst\", ein Prozess,...","protected":false},"author":1,"featured_media":0,"parent":0,"menu_order":0,"comment_status":"closed","ping_status":"closed","template":"","meta":[],"yoast_head":"<!-- This site is optimized with the Yoast SEO plugin v17.5 - https:\/\/yoast.com\/wordpress\/plugins\/seo\/ -->\n<title>Umwelt | Delta BKB<\/title>\n<meta name=\"description\" content=\"Umwelt\" \/>\n<meta name=\"robots\" content=\"index, follow, max-snippet:-1, max-image-preview:large, max-video-preview:-1\" \/>\n<link rel=\"canonical\" href=\"https:\/\/www.delta-bkb.it\/de\/ambiente-produzione-cosmetici-naturali-conto-terzi\/\" \/>\n<meta property=\"og:locale\" content=\"de_DE\" \/>\n<meta property=\"og:type\" content=\"article\" \/>\n<meta property=\"og:title\" content=\"Umwelt | Delta BKB\" \/>\n<meta property=\"og:description\" content=\"Umwelt\" \/>\n<meta property=\"og:url\" content=\"https:\/\/www.delta-bkb.it\/de\/ambiente-produzione-cosmetici-naturali-conto-terzi\/\" \/>\n<meta property=\"og:site_name\" content=\"Delta BKB\" \/>\n<meta property=\"article:modified_time\" content=\"2024-09-04T09:31:23+00:00\" \/>\n<meta name=\"twitter:card\" content=\"summary_large_image\" \/>\n<meta name=\"twitter:label1\" content=\"Gesch\u00e4tzte Lesezeit\" \/>\n\t<meta name=\"twitter:data1\" content=\"7\u00a0Minuten\" \/>\n<script type=\"application\/ld+json\" class=\"yoast-schema-graph\">{\"@context\":\"https:\/\/schema.org\",\"@graph\":[{\"@type\":\"WebSite\",\"@id\":\"https:\/\/www.delta-bkb.it\/#website\",\"url\":\"https:\/\/www.delta-bkb.it\/\",\"name\":\"Delta BKB\",\"description\":\"Delta BKB Laboratori Cosmetici\",\"potentialAction\":[{\"@type\":\"SearchAction\",\"target\":{\"@type\":\"EntryPoint\",\"urlTemplate\":\"https:\/\/www.delta-bkb.it\/?s={search_term_string}\"},\"query-input\":\"required name=search_term_string\"}],\"inLanguage\":\"de\"},{\"@type\":\"WebPage\",\"@id\":\"https:\/\/www.delta-bkb.it\/de\/ambiente-produzione-cosmetici-naturali-conto-terzi\/#webpage\",\"url\":\"https:\/\/www.delta-bkb.it\/de\/ambiente-produzione-cosmetici-naturali-conto-terzi\/\",\"name\":\"Umwelt | Delta BKB\",\"isPartOf\":{\"@id\":\"https:\/\/www.delta-bkb.it\/#website\"},\"datePublished\":\"2021-09-24T10:48:19+00:00\",\"dateModified\":\"2024-09-04T09:31:23+00:00\",\"description\":\"Umwelt\",\"breadcrumb\":{\"@id\":\"https:\/\/www.delta-bkb.it\/de\/ambiente-produzione-cosmetici-naturali-conto-terzi\/#breadcrumb\"},\"inLanguage\":\"de\",\"potentialAction\":[{\"@type\":\"ReadAction\",\"target\":[\"https:\/\/www.delta-bkb.it\/de\/ambiente-produzione-cosmetici-naturali-conto-terzi\/\"]}]},{\"@type\":\"BreadcrumbList\",\"@id\":\"https:\/\/www.delta-bkb.it\/de\/ambiente-produzione-cosmetici-naturali-conto-terzi\/#breadcrumb\",\"itemListElement\":[{\"@type\":\"ListItem\",\"position\":1,\"name\":\"Home\",\"item\":\"https:\/\/www.delta-bkb.it\/de\/\"},{\"@type\":\"ListItem\",\"position\":2,\"name\":\"Umwelt\"}]}]}<\/script>\n<!-- \/ Yoast SEO plugin. -->","yoast_head_json":{"title":"Umwelt | Delta BKB","description":"Umwelt","robots":{"index":"index","follow":"follow","max-snippet":"max-snippet:-1","max-image-preview":"max-image-preview:large","max-video-preview":"max-video-preview:-1"},"canonical":"https:\/\/www.delta-bkb.it\/de\/ambiente-produzione-cosmetici-naturali-conto-terzi\/","og_locale":"de_DE","og_type":"article","og_title":"Umwelt | Delta BKB","og_description":"Umwelt","og_url":"https:\/\/www.delta-bkb.it\/de\/ambiente-produzione-cosmetici-naturali-conto-terzi\/","og_site_name":"Delta BKB","article_modified_time":"2024-09-04T09:31:23+00:00","twitter_card":"summary_large_image","twitter_misc":{"Gesch\u00e4tzte Lesezeit":"7\u00a0Minuten"},"schema":{"@context":"https:\/\/schema.org","@graph":[{"@type":"WebSite","@id":"https:\/\/www.delta-bkb.it\/#website","url":"https:\/\/www.delta-bkb.it\/","name":"Delta BKB","description":"Delta BKB Laboratori Cosmetici","potentialAction":[{"@type":"SearchAction","target":{"@type":"EntryPoint","urlTemplate":"https:\/\/www.delta-bkb.it\/?s={search_term_string}"},"query-input":"required name=search_term_string"}],"inLanguage":"de"},{"@type":"WebPage","@id":"https:\/\/www.delta-bkb.it\/de\/ambiente-produzione-cosmetici-naturali-conto-terzi\/#webpage","url":"https:\/\/www.delta-bkb.it\/de\/ambiente-produzione-cosmetici-naturali-conto-terzi\/","name":"Umwelt | Delta BKB","isPartOf":{"@id":"https:\/\/www.delta-bkb.it\/#website"},"datePublished":"2021-09-24T10:48:19+00:00","dateModified":"2024-09-04T09:31:23+00:00","description":"Umwelt","breadcrumb":{"@id":"https:\/\/www.delta-bkb.it\/de\/ambiente-produzione-cosmetici-naturali-conto-terzi\/#breadcrumb"},"inLanguage":"de","potentialAction":[{"@type":"ReadAction","target":["https:\/\/www.delta-bkb.it\/de\/ambiente-produzione-cosmetici-naturali-conto-terzi\/"]}]},{"@type":"BreadcrumbList","@id":"https:\/\/www.delta-bkb.it\/de\/ambiente-produzione-cosmetici-naturali-conto-terzi\/#breadcrumb","itemListElement":[{"@type":"ListItem","position":1,"name":"Home","item":"https:\/\/www.delta-bkb.it\/de\/"},{"@type":"ListItem","position":2,"name":"Umwelt"}]}]}},"_links":{"self":[{"href":"https:\/\/www.delta-bkb.it\/de\/wp-json\/wp\/v2\/pages\/25710"}],"collection":[{"href":"https:\/\/www.delta-bkb.it\/de\/wp-json\/wp\/v2\/pages"}],"about":[{"href":"https:\/\/www.delta-bkb.it\/de\/wp-json\/wp\/v2\/types\/page"}],"author":[{"embeddable":true,"href":"https:\/\/www.delta-bkb.it\/de\/wp-json\/wp\/v2\/users\/1"}],"replies":[{"embeddable":true,"href":"https:\/\/www.delta-bkb.it\/de\/wp-json\/wp\/v2\/comments?post=25710"}],"version-history":[{"count":5,"href":"https:\/\/www.delta-bkb.it\/de\/wp-json\/wp\/v2\/pages\/25710\/revisions"}],"predecessor-version":[{"id":27259,"href":"https:\/\/www.delta-bkb.it\/de\/wp-json\/wp\/v2\/pages\/25710\/revisions\/27259"}],"wp:attachment":[{"href":"https:\/\/www.delta-bkb.it\/de\/wp-json\/wp\/v2\/media?parent=25710"}],"curies":[{"name":"wp","href":"https:\/\/api.w.org\/{rel}","templated":true}]}}