{"id":25713,"date":"2021-10-05T17:29:49","date_gmt":"2021-10-05T15:29:49","guid":{"rendered":"https:\/\/www.delta-bkb.it\/cosmetici-private-label\/"},"modified":"2025-05-26T09:56:19","modified_gmt":"2025-05-26T07:56:19","slug":"private-label","status":"publish","type":"page","link":"https:\/\/www.delta-bkb.it\/de\/private-label\/","title":{"rendered":"Private Label"},"content":{"rendered":"<section data-vc-full-width=\"true\" data-vc-full-width-init=\"false\" class=\"vc_row wpb_row vc_row-fluid   wow fadeIn pofo-stretch-content pofo-stretch-row-container\"><div class=\"wpb_column vc_column_container vc_col-sm-12 vc_col-xs-12 text-center md-text-center sm-text-center xs-text-center\"><div class=\"vc_column-inner \"><div class=\"wpb_wrapper\"><h5 class=\"text-extra-dark-gray margin-20px-bottom font-weight-600 display-block alt-font heading-style2  vc_custom_1684493963056  heading-1\"  style=\"font-weight: 600;\">Die DELTA BKB-Labore fertigen ma\u00dfgeschneiderte Kosmetikprodukte, um Ihre Marke zum Leben zu erwecken.<\/h5><\/div><\/div><\/div><\/section><div class=\"vc_row-full-width vc_clearfix\"><\/div><section data-vc-full-width=\"true\" data-vc-full-width-init=\"false\" data-vc-stretch-content=\"true\" data-parallax-background-ratio=\"0.2\" class=\"vc_row wpb_row vc_row-fluid  vc_custom_1725442999103 wow none vc_row-has-fill pofo-stretch-content parallax pofo-row-responsive-69f0c16224055\"><div class=\"wpb_column vc_column_container vc_col-has-fill vc_col-sm-3\/5 vc_col-md-2\/5 col-xs-mobile-fullwidth wow fadeInRight pofo-column-responsive-69f0c16224113\"><div class=\"vc_column-inner vc_custom_1632836137698\"><div class=\"wpb_wrapper\"><div class=\"vc_row wpb_row vc_inner vc_row-fluid  vc_custom_1628841405003\"><div class=\"wpb_column vc_column_container vc_col-sm-12  col-xs-mobile-fullwidth\"><div class=\"vc_column-inner \"><div class=\"wpb_wrapper\"><h5 class=\"text-extra-dark-gray margin-20px-bottom font-weight-600 display-block alt-font heading-style2  vc_custom_1684493970250  heading-2\"  style=\"font-weight: 600;\">Erfahrung und Professionalit\u00e4t<\/h5><div class=\"last-paragraph-no-margin\" style=\"color: #232323;\"><p><span style=\"font-weight: 400;\">Seit \u00fcber 60 Jahren bietet das Team einen einzigartigen Service f\u00fcr die Herstellung mehrerer Kosmetikprodukte f\u00fcr diejenigen, die davon tr\u00e4umen, ihre eigenen innovativen Kosmetiklinien verkaufen zu k\u00f6nnen.<\/span><\/p>\n<p><span style=\"font-weight: 400;\">Wir sind spezialisiert auf die Herstellung von nat\u00fcrlichen und qualitativ hochwertigen Kosmetikprodukten f\u00fcr die Haut-, K\u00f6rper- und Haarpflege.<\/span><\/p>\n<p><span style=\"font-weight: 400;\">Insbesondere besch\u00e4ftigen sich unsere Labors mit der Herstellung von Cremes und Seren, Desinfektionsgelen, Gesichts- und K\u00f6rpermasken, Shampoos, festen Seifen, Peelings, Reinigungsmitteln, Reinigungst\u00fcchern und Make-Up Entfernermoussen.<\/span><\/p>\n<\/div><\/div><\/div><\/div><\/div><\/div><\/div><\/div><div class=\"wpb_column vc_column_container  col-xs-mobile-fullwidth\"><div class=\"vc_column-inner \"><div class=\"wpb_wrapper\"><\/div><\/div><\/div><\/section><div class=\"vc_row-full-width vc_clearfix\"><\/div><section id=\"about\" data-vc-full-width=\"true\" data-vc-full-width-init=\"false\" class=\"vc_row wpb_row vc_row-fluid   cover-background pofo-stretch-content pofo-stretch-row-container vc_row-o-content-middle vc_row-flex\"><div class=\"wpb_column vc_column_container vc_col-sm-6  col-xs-mobile-fullwidth wow fadeInLeft pofo-column-responsive-69f0c1622440b\"><div class=\"vc_column-inner vc_custom_1633447555114\"><div class=\"wpb_wrapper\"><h4 class=\"text-extra-dark-gray margin-20px-bottom font-weight-600 display-inline-block alt-font heading-style2  heading-3\"  style=\"font-weight: 600;\">An Ihrer Seite bei jedem Schritt<\/h4><div class=\" vc_custom_1684494004596 last-paragraph-no-margin\" style=\"color: #232323;\"><p><span style=\"font-weight: 400;\">Die DELTA BKB begleitet ihre Kunden in jeder Phase des Umsetzungsprozesses, der Folgendes umfasst:<\/span><\/p>\n<\/div><ul class=\"no-padding list-style-4 list-style4-1 \" style=\"color: #232323;\"><li>Die Studie der <strong>kundenspezifischen Formel <\/strong> und die <strong>tats\u00e4chliche Herstellung des Produkts<\/strong><\/li><li>Die Wahl der <strong>nachhaltigen <\/strong> oder klassischen Verpackung<\/li><li>Die Durchf\u00fchrung von <strong>Labortests<\/strong><\/li><li>Die Erstellung von   <strong>P.I.F<\/strong> f\u00fcr jedes kosmetische Produkt<\/li><li>Die<strong> grafische Gestaltung<\/strong> des <strong> Etiketts <\/strong> und der <strong>Marketingaspekt<\/strong><\/li><li>Die letzte Phase der<strong>Produktverpackung<\/strong> <\/li><\/ul><div class=\" vc_custom_1684494256992 last-paragraph-no-margin\" style=\"color: #232323;\"><p><span style=\"font-weight: 400;\">Besuchen Sie den <a href=\"https:\/\/www.delta-bkb.it\/en\/servizi\/\">Abschnitt<\/a> DIENSTLEISTUNGEN, um mehr \u00fcber Ihre kosmetische Reise zu erfahren.<\/span><\/p>\n<\/div><\/div><\/div><\/div><div class=\"wpb_column vc_column_container vc_col-sm-6  col-xs-mobile-fullwidth wow fadeInRight pofo-column-responsive-69f0c1622456d\"><div class=\"vc_column-inner \"><div class=\"wpb_wrapper\">[vc_single_image image=&#8220;27218&#8243; img_size=&#8220;full&#8220; alignment=&#8220;center&#8220;]<\/div><\/div><\/div><\/section><div class=\"vc_row-full-width vc_clearfix\"><\/div><section class=\"vc_row wpb_row vc_row-fluid my-custom-button-row vc_custom_1634109673817 wow fadeInUp vc_row-has-fill\"><div class=\"wpb_column vc_column_container vc_col-sm-12  col-xs-mobile-fullwidth text-center md-text-center sm-text-center xs-text-center\"><div class=\"vc_column-inner \"><div class=\"wpb_wrapper\"><a  href=\"\/de\/contatti\/\" target=\"_blank\" class=\"btn pofo-button-1  wow none button-style2  btn-white  btn-extra-large  vc_custom_1685027574133\"  style=\"color:#ffffff;  border-color:#000000; \">KONTAKTIEREN SIE UNS F\u00dcR WEITERE INFORMATIONEN<\/a><\/div><\/div><\/div><\/section>\n","protected":false},"excerpt":{"rendered":"Die DELTA BKB-Labore fertigen ma\u00dfgeschneiderte Kosmetikprodukte, um Ihre Marke zum Leben zu erwecken.Erfahrung und Professionalit\u00e4tSeit \u00fcber 60 Jahren bietet das Team einen einzigartigen Service f\u00fcr die Herstellung mehrerer Kosmetikprodukte f\u00fcr diejenigen, die davon tr\u00e4umen, ihre eigenen innovativen Kosmetiklinien verkaufen zu k\u00f6nnen. Wir sind spezialisiert auf die Herstellung von nat\u00fcrlichen und qualitativ hochwertigen Kosmetikprodukten f\u00fcr die Haut-, K\u00f6rper- und Haarpflege. Insbesondere besch\u00e4ftigen sich unsere Labors mit der Herstellung von Cremes und Seren, Desinfektionsgelen, Gesichts- und K\u00f6rpermasken, Shampoos, festen Seifen, Peelings, Reinigungsmitteln, Reinigungst\u00fcchern und Make-Up Entfernermoussen. An Ihrer Seite bei jedem SchrittDie DELTA BKB begleitet ihre Kunden in jeder Phase des Umsetzungsprozesses, der Folgendes umfasst: Die Studie der kundenspezifischen Formel und die tats\u00e4chliche Herstellung des ProduktsDie Wahl der nachhaltigen oder klassischen VerpackungDie Durchf\u00fchrung von LabortestsDie Erstellung von P.I.F f\u00fcr jedes kosmetische ProduktDie grafische Gestaltung des Etiketts und der MarketingaspektDie letzte Phase derProduktverpackung Besuchen Sie den Abschnitt DIENSTLEISTUNGEN, um mehr \u00fcber Ihre kosmetische Reise zu erfahren. [vc_single_image image=\"27218\" img_size=\"full\" alignment=\"center\"]KONTAKTIEREN SIE UNS F\u00dcR WEITERE INFORMATIONEN","protected":false},"author":1,"featured_media":0,"parent":0,"menu_order":0,"comment_status":"closed","ping_status":"closed","template":"","meta":[],"yoast_head":"<!-- This site is optimized with the Yoast SEO plugin v17.5 - https:\/\/yoast.com\/wordpress\/plugins\/seo\/ -->\n<title>Private Label | Delta BKB<\/title>\n<meta name=\"robots\" content=\"index, follow, max-snippet:-1, max-image-preview:large, max-video-preview:-1\" \/>\n<link rel=\"canonical\" href=\"https:\/\/www.delta-bkb.it\/de\/private-label\/\" \/>\n<meta property=\"og:locale\" content=\"de_DE\" \/>\n<meta property=\"og:type\" content=\"article\" \/>\n<meta property=\"og:title\" content=\"Private Label | Delta BKB\" \/>\n<meta property=\"og:url\" content=\"https:\/\/www.delta-bkb.it\/de\/private-label\/\" \/>\n<meta property=\"og:site_name\" content=\"Delta BKB\" \/>\n<meta property=\"article:modified_time\" content=\"2025-05-26T07:56:19+00:00\" \/>\n<meta name=\"twitter:card\" content=\"summary_large_image\" \/>\n<meta name=\"twitter:label1\" content=\"Gesch\u00e4tzte Lesezeit\" \/>\n\t<meta name=\"twitter:data1\" content=\"4\u00a0Minuten\" \/>\n<script type=\"application\/ld+json\" class=\"yoast-schema-graph\">{\"@context\":\"https:\/\/schema.org\",\"@graph\":[{\"@type\":\"WebSite\",\"@id\":\"https:\/\/www.delta-bkb.it\/#website\",\"url\":\"https:\/\/www.delta-bkb.it\/\",\"name\":\"Delta BKB\",\"description\":\"Delta BKB Laboratori Cosmetici\",\"potentialAction\":[{\"@type\":\"SearchAction\",\"target\":{\"@type\":\"EntryPoint\",\"urlTemplate\":\"https:\/\/www.delta-bkb.it\/?s={search_term_string}\"},\"query-input\":\"required name=search_term_string\"}],\"inLanguage\":\"de\"},{\"@type\":\"WebPage\",\"@id\":\"https:\/\/www.delta-bkb.it\/de\/private-label\/#webpage\",\"url\":\"https:\/\/www.delta-bkb.it\/de\/private-label\/\",\"name\":\"Private Label | Delta BKB\",\"isPartOf\":{\"@id\":\"https:\/\/www.delta-bkb.it\/#website\"},\"datePublished\":\"2021-10-05T15:29:49+00:00\",\"dateModified\":\"2025-05-26T07:56:19+00:00\",\"breadcrumb\":{\"@id\":\"https:\/\/www.delta-bkb.it\/de\/private-label\/#breadcrumb\"},\"inLanguage\":\"de\",\"potentialAction\":[{\"@type\":\"ReadAction\",\"target\":[\"https:\/\/www.delta-bkb.it\/de\/private-label\/\"]}]},{\"@type\":\"BreadcrumbList\",\"@id\":\"https:\/\/www.delta-bkb.it\/de\/private-label\/#breadcrumb\",\"itemListElement\":[{\"@type\":\"ListItem\",\"position\":1,\"name\":\"Home\",\"item\":\"https:\/\/www.delta-bkb.it\/de\/\"},{\"@type\":\"ListItem\",\"position\":2,\"name\":\"Private Label\"}]}]}<\/script>\n<!-- \/ Yoast SEO plugin. -->","yoast_head_json":{"title":"Private Label | Delta BKB","robots":{"index":"index","follow":"follow","max-snippet":"max-snippet:-1","max-image-preview":"max-image-preview:large","max-video-preview":"max-video-preview:-1"},"canonical":"https:\/\/www.delta-bkb.it\/de\/private-label\/","og_locale":"de_DE","og_type":"article","og_title":"Private Label | Delta BKB","og_url":"https:\/\/www.delta-bkb.it\/de\/private-label\/","og_site_name":"Delta BKB","article_modified_time":"2025-05-26T07:56:19+00:00","twitter_card":"summary_large_image","twitter_misc":{"Gesch\u00e4tzte Lesezeit":"4\u00a0Minuten"},"schema":{"@context":"https:\/\/schema.org","@graph":[{"@type":"WebSite","@id":"https:\/\/www.delta-bkb.it\/#website","url":"https:\/\/www.delta-bkb.it\/","name":"Delta BKB","description":"Delta BKB Laboratori Cosmetici","potentialAction":[{"@type":"SearchAction","target":{"@type":"EntryPoint","urlTemplate":"https:\/\/www.delta-bkb.it\/?s={search_term_string}"},"query-input":"required name=search_term_string"}],"inLanguage":"de"},{"@type":"WebPage","@id":"https:\/\/www.delta-bkb.it\/de\/private-label\/#webpage","url":"https:\/\/www.delta-bkb.it\/de\/private-label\/","name":"Private Label | Delta BKB","isPartOf":{"@id":"https:\/\/www.delta-bkb.it\/#website"},"datePublished":"2021-10-05T15:29:49+00:00","dateModified":"2025-05-26T07:56:19+00:00","breadcrumb":{"@id":"https:\/\/www.delta-bkb.it\/de\/private-label\/#breadcrumb"},"inLanguage":"de","potentialAction":[{"@type":"ReadAction","target":["https:\/\/www.delta-bkb.it\/de\/private-label\/"]}]},{"@type":"BreadcrumbList","@id":"https:\/\/www.delta-bkb.it\/de\/private-label\/#breadcrumb","itemListElement":[{"@type":"ListItem","position":1,"name":"Home","item":"https:\/\/www.delta-bkb.it\/de\/"},{"@type":"ListItem","position":2,"name":"Private Label"}]}]}},"_links":{"self":[{"href":"https:\/\/www.delta-bkb.it\/de\/wp-json\/wp\/v2\/pages\/25713"}],"collection":[{"href":"https:\/\/www.delta-bkb.it\/de\/wp-json\/wp\/v2\/pages"}],"about":[{"href":"https:\/\/www.delta-bkb.it\/de\/wp-json\/wp\/v2\/types\/page"}],"author":[{"embeddable":true,"href":"https:\/\/www.delta-bkb.it\/de\/wp-json\/wp\/v2\/users\/1"}],"replies":[{"embeddable":true,"href":"https:\/\/www.delta-bkb.it\/de\/wp-json\/wp\/v2\/comments?post=25713"}],"version-history":[{"count":5,"href":"https:\/\/www.delta-bkb.it\/de\/wp-json\/wp\/v2\/pages\/25713\/revisions"}],"predecessor-version":[{"id":27837,"href":"https:\/\/www.delta-bkb.it\/de\/wp-json\/wp\/v2\/pages\/25713\/revisions\/27837"}],"wp:attachment":[{"href":"https:\/\/www.delta-bkb.it\/de\/wp-json\/wp\/v2\/media?parent=25713"}],"curies":[{"name":"wp","href":"https:\/\/api.w.org\/{rel}","templated":true}]}}