{"id":25717,"date":"2021-09-29T19:02:15","date_gmt":"2021-09-29T17:02:15","guid":{"rendered":"https:\/\/www.delta-bkb.it\/contatti\/"},"modified":"2023-05-26T15:39:58","modified_gmt":"2023-05-26T13:39:58","slug":"contatti","status":"publish","type":"page","link":"https:\/\/www.delta-bkb.it\/de\/contatti\/","title":{"rendered":"Kontakt"},"content":{"rendered":"<section class=\"vc_row wpb_row vc_row-fluid  vc_custom_1632929535057 wow fadeIn\"><div class=\"wpb_column vc_column_container vc_col-sm-12 vc_col-xs-12\"><div class=\"vc_column-inner \"><div class=\"wpb_wrapper\"><h5 class=\"text-extra-dark-gray margin-20px-bottom font-weight-600 display-block alt-font text-uppercase heading-style2  vc_custom_1684498333737  heading-1\"  style=\"font-weight: 600;\">Wir freuen uns darauf, gemeinsam mit Ihnen etwas zu bauen!<\/h5><div class=\"last-paragraph-no-margin\" style=\"color: #232323;\"><p><span style=\"font-weight: 400;\">Sie m\u00f6chten Ihre eigene Kosmetiklinie erstellen? Kontaktieren Sie unsere Marketingabteilung, um eine Zusammenarbeit mit <strong>DELTA BKB<\/strong> srl zu bewerten. Es wird eine Freude sein, Ihnen zu helfen!<\/span><\/p>\n<\/div><\/div><\/div><\/div><\/section><section data-vc-full-width=\"true\" data-vc-full-width-init=\"false\" class=\"vc_row wpb_row vc_row-fluid  vc_custom_1632929503209 wow fadeIn pofo-stretch-content pofo-stretch-row-container pofo-row-responsive-69f0c2161f8fa\"><div class=\"wpb_column vc_column_container vc_col-sm-12 vc_col-xs-12 wow fadeInUp text-center md-text-center sm-text-center xs-text-center\"><div class=\"vc_column-inner \"><div class=\"wpb_wrapper\">[vc_single_image image=&#8220;22298&#8243; img_size=&#8220;full&#8220; alignment=&#8220;center&#8220;]<\/div><\/div><\/div><\/section><div class=\"vc_row-full-width vc_clearfix\"><\/div><section class=\"vc_row wpb_row vc_row-fluid  vc_custom_1633506990117 wow fadeIn\"><div class=\"wpb_column vc_column_container vc_col-sm-6 vc_col-xs-12 wow fadeInLeft\"><div class=\"vc_column-inner vc_custom_1632935242374\"><div class=\"wpb_wrapper\"><h6 class=\"text-extra-dark-gray margin-20px-bottom font-weight-600 display-block alt-font heading-style2  vc_custom_1684498437380  heading-2\"  style=\"font-weight: 600;\">F\u00fcllen Sie das Formular aus oder kontaktieren Sie uns direkt, wir sind f\u00fcr Sie da!<\/h6><ul class=\"list-style-9 margin-twelve-left text-extra-dark-gray list-style7-1 \"><li style=\"border-color: #cb4646;\"><span class=\"display-block text-extra-small text-medium-gray\"><span style=\"font-size:16px;\">Telefon<\/span><\/span><a href=\"tel:+39059828363\">059 828363<\/a><\/li><li style=\"border-color: #cb4646;\"><span class=\"display-block text-extra-small text-medium-gray\"><span style=\"font-size:16px;\">Email<\/span><\/span><a href=\"mailto:delta-bkb@delta-bkb.it\">delta-bkb@delta-bkb.it<\/a><\/li><\/ul><h6 class=\"text-extra-dark-gray margin-20px-bottom font-weight-600 display-block alt-font heading-style2  vc_custom_1684498460994  heading-3\"  style=\"font-weight: 600;\">Fordern Sie weitere Informationen an:<\/h6><ul class=\"list-style-9 margin-twelve-left text-extra-dark-gray list-style7-2 \"><li style=\"border-color: #cb4646;\"><span class=\"display-block text-extra-small text-medium-gray\"><span style=\"font-size:16px;\">Commerciale Italia<\/span><\/span><a href=\"mailto:commerciale.italia@delta-bkb.it\">commerciale.italia@delta-bkb.it<\/a><\/li><li style=\"border-color: #cb4646;\"><span class=\"display-block text-extra-small text-medium-gray\"><span style=\"font-size:16px;\">Commerciale Estero<\/span><\/span><a href=\"mailto:export@delta-bkb.it\">export@delta-bkb.it<\/a><\/li><li style=\"border-color: #cb4646;\"><span class=\"display-block text-extra-small text-medium-gray\"><span style=\"font-size:16px;\">Administration<\/span><\/span><a href=\"mailto:admin@delta-bkb.it\">admin@delta-bkb.it<\/a><\/li><li style=\"border-color: #cb4646;\"><span class=\"display-block text-extra-small text-medium-gray\"><span style=\"font-size:16px;\">Produktion<\/span><\/span><a href=\"mailto:laboratorio@delta-bkb.it\">laboratorio@delta-bkb.it<\/a><\/li><\/ul><\/div><\/div><\/div><div class=\"wpb_column vc_column_container vc_col-has-fill vc_col-sm-6  col-xs-mobile-fullwidth wow fadeInUp display-inline-block\"><div class=\"vc_column-inner vc_custom_1632930413656\"><div class=\"wpb_wrapper\"><div role=\"form\" class=\"wpcf7\" id=\"wpcf7-f25749-o1\" lang=\"it-IT\" dir=\"ltr\">\n<div class=\"screen-reader-response\"><p role=\"status\" aria-live=\"polite\" aria-atomic=\"true\"><\/p> <ul><\/ul><\/div>\n<form action=\"\/de\/wp-json\/wp\/v2\/pages\/25717#wpcf7-f25749-o1\" method=\"post\" class=\"wpcf7-form init\" novalidate=\"novalidate\" data-status=\"init\">\n<div style=\"display: none;\">\n<input type=\"hidden\" name=\"_wpcf7\" value=\"25749\" \/>\n<input type=\"hidden\" name=\"_wpcf7_version\" value=\"5.5.2\" \/>\n<input type=\"hidden\" name=\"_wpcf7_locale\" value=\"it_IT\" \/>\n<input type=\"hidden\" name=\"_wpcf7_unit_tag\" value=\"wpcf7-f25749-o1\" \/>\n<input type=\"hidden\" name=\"_wpcf7_container_post\" value=\"0\" \/>\n<input type=\"hidden\" name=\"_wpcf7_posted_data_hash\" value=\"\" \/>\n<input type=\"hidden\" name=\"_wpcf7_recaptcha_response\" value=\"\" \/>\n<\/div>\n<div class=\"my-form-title\">\n<p>F\u00fcllen Sie das Formular aus, Sie werden kontaktiert!<\/>\n<\/div>\n<p><span class=\"wpcf7-form-control-wrap Nome\"><input type=\"text\" name=\"Nome\" value=\"\" size=\"40\" class=\"wpcf7-form-control wpcf7-text wpcf7-validates-as-required\" aria-required=\"true\" aria-invalid=\"false\" placeholder=\"Name *\" \/><\/span><br \/>\n<span class=\"wpcf7-form-control-wrap Azienda\"><input type=\"text\" name=\"Azienda\" value=\"\" size=\"40\" class=\"wpcf7-form-control wpcf7-text wpcf7-validates-as-required\" aria-required=\"true\" aria-invalid=\"false\" placeholder=\"Unternehmen *\" \/><\/span><br \/>\n<span class=\"wpcf7-form-control-wrap Email\"><input type=\"email\" name=\"Email\" value=\"\" size=\"40\" class=\"wpcf7-form-control wpcf7-text wpcf7-email wpcf7-validates-as-required wpcf7-validates-as-email\" aria-required=\"true\" aria-invalid=\"false\" placeholder=\"Email *\" \/><\/span><br \/>\n<span class=\"wpcf7-form-control-wrap Telefono\"><input type=\"tel\" name=\"Telefono\" value=\"\" size=\"40\" class=\"wpcf7-form-control wpcf7-text wpcf7-tel wpcf7-validates-as-required wpcf7-validates-as-tel\" aria-required=\"true\" aria-invalid=\"false\" placeholder=\"Telefon *\" \/><\/span><br \/>\n<span class=\"wpcf7-form-control-wrap messaggio\"><textarea name=\"messaggio\" cols=\"40\" rows=\"10\" class=\"wpcf7-form-control wpcf7-textarea wpcf7-validates-as-required\" aria-required=\"true\" aria-invalid=\"false\" placeholder=\"Schreiben Sie hier Ihre Nachricht *\"><\/textarea><\/span><\/p>\n<p><span class=\"wpcf7-form-control-wrap privacy\"><span class=\"wpcf7-form-control wpcf7-acceptance\"><span class=\"wpcf7-list-item\"><label><input type=\"checkbox\" name=\"privacy\" value=\"1\" aria-invalid=\"false\" class=\"my-acceptance\" \/><span class=\"wpcf7-list-item-label\">Ich akzeptiere die Verarbeitung personenbezogener Daten nach Kenntnisnahme <a target=\"_blank\" href=\"https:\/\/www.iubenda.com\/privacy-policy\/52143810\">der Datenschutzerkl\u00e4rung <\/a> *<\/span><\/label><\/span><\/span><\/span><br \/>\n<span class=\"wpcf7-form-control-wrap trattamento-dati\"><span class=\"wpcf7-form-control wpcf7-acceptance\"><span class=\"wpcf7-list-item\"><label><input type=\"checkbox\" name=\"trattamento-dati\" value=\"1\" aria-invalid=\"false\" class=\"my-acceptance\" \/><span class=\"wpcf7-list-item-label\">Ich bin damit einverstanden, die Daten, die ich hier gebe, ausschlie\u00dflich zu verarbeiten, um gegebenenfalls vom Eigent\u00fcmer der Website kontaktiert zu werden *<\/span><\/label><\/span><\/span><\/span><\/p>\n<div class=\"my-form-title\">\n<p style=\"font-size:12px;\">Die mit * gekennzeichneten Felder sind Pflichtfelder.<\/>\n<\/div>\n<p><input type=\"submit\" value=\"SENDEN\" class=\"wpcf7-form-control has-spinner wpcf7-submit\" id=\"invia-form\" \/><\/p>\n<input type='hidden' class='wpcf7-pum' value='{\"closepopup\":false,\"closedelay\":0,\"openpopup\":false,\"openpopup_id\":0}' \/><div class=\"wpcf7-response-output\" aria-hidden=\"true\"><\/div><\/form><\/div><\/div><\/div><\/div><\/section><section id=\"dove-siamo\" data-vc-full-width=\"true\" data-vc-full-width-init=\"false\" class=\"vc_row wpb_row vc_row-fluid  vc_custom_1632989899864 wow fadeIn vc_row-has-fill pofo-stretch-content pofo-stretch-row-container pofo-row-responsive-69f0c21620487\"><div class=\"wpb_column vc_column_container vc_col-sm-12 vc_col-xs-12 wow fadeInUp text-center md-text-center sm-text-center xs-text-center\"><div class=\"vc_column-inner \"><div class=\"wpb_wrapper\"><h5 class=\"text-extra-dark-gray margin-20px-bottom font-weight-600 display-block alt-font heading-style2  vc_custom_1684498568884  heading-4\"  style=\"font-weight: 600; color: #ffffff;\">Wo wir sind<\/h5><\/div><\/div><\/div><\/section><div class=\"vc_row-full-width vc_clearfix\"><\/div><section class=\"vc_row wpb_row vc_row-fluid   wow fadeIn\"><div class=\"wpb_column vc_column_container vc_col-sm-6 vc_col-xs-12 wow fadeInLeft text-center md-text-center sm-text-center xs-text-center\"><div class=\"vc_column-inner vc_custom_1633448259043\"><div class=\"wpb_wrapper\"><h6 class=\"text-extra-dark-gray margin-20px-bottom font-weight-600 display-block alt-font heading-style2  vc_custom_1684498579461  heading-5\"  style=\"font-weight: 600;\">Kommen Sie uns besuchen<\/h6><div class=\"last-paragraph-no-margin\" style=\"color: #232323;\"><p><span style=\"font-weight: 400;\">Wir sind in Via Ferrari 27- 41043 Formigine (MO)<\/span><\/p>\n<\/div><\/div><\/div><\/div><div class=\"wpb_column vc_column_container vc_col-sm-6  col-xs-mobile-fullwidth wow fadeInRight text-center md-text-center sm-text-center xs-text-center display-inline-block\"><div class=\"vc_column-inner \"><div class=\"wpb_wrapper\"><h6 class=\"text-extra-dark-gray margin-20px-bottom font-weight-600 display-block alt-font heading-style2  vc_custom_1684498614570  heading-6\"  style=\"font-weight: 600;\">Unsere Fahrpl\u00e4ne<\/h6><div class=\"last-paragraph-no-margin\" style=\"color: #232323;\"><p><span style=\"font-weight: 400;\">Montag bis Freitag 8.30\/12.30 &#8211; 14.00\/18.00 Uhr<\/span><\/p>\n<\/div><\/div><\/div><\/div><div class=\"wpb_column vc_column_container vc_col-sm-12  col-xs-mobile-fullwidth wow fadeInUp\"><div class=\"vc_column-inner \"><div class=\"wpb_wrapper\">[vc_raw_html]JTNDZGl2JTIwY2xhc3MlM0QlMjJtYXBvdXRlciUyMiUzRSUzQ2RpdiUyMGNsYXNzJTNEJTIyZ21hcF9jYW52YXMlMjIlM0UlM0NpZnJhbWUlMjB3aWR0aCUzRCUyMjEwMCUyNSUyMiUyMGhlaWdodCUzRCUyMjUwMCUyMiUyMGlkJTNEJTIyZ21hcF9jYW52YXMlMjIlMjBzcmMlM0QlMjJodHRwcyUzQSUyRiUyRm1hcHMuZ29vZ2xlLmNvbSUyRm1hcHMlM0ZxJTNERGVsdGElMjUyMEJrYiUyNTIwUy5yLmwuJTJDJTI1MjBWaWElMjUyMEZlcnJhcmklMkMlMjUyMEZvcm1pZ2luZSUyQyUyNTIwTU8lMjZ0JTNEJTI2eiUzRDE3JTI2aWUlM0RVVEY4JTI2aXdsb2MlM0QlMjZvdXRwdXQlM0RlbWJlZCUyMiUyMGZyYW1lYm9yZGVyJTNEJTIyMCUyMiUyMHNjcm9sbGluZyUzRCUyMm5vJTIyJTIwbWFyZ2luaGVpZ2h0JTNEJTIyMCUyMiUyMG1hcmdpbndpZHRoJTNEJTIyMCUyMiUzRSUzQyUyRmlmcmFtZSUzRSUzQ2ElMjBocmVmJTNEJTIyaHR0cHMlM0ElMkYlMkZ3d3cud2hhdGlzbXlpcC1hZGRyZXNzLmNvbSUyRmRpdmktZGlzY291bnQlMkYlMjIlM0UlM0MlMkZhJTNFJTNDYnIlM0UlM0NzdHlsZSUzRS5tYXBvdXRlciU3QnBvc2l0aW9uJTNBcmVsYXRpdmUlM0J0ZXh0LWFsaWduJTNBcmlnaHQlM0JoZWlnaHQlM0E1MDBweCUzQndpZHRoJTNBMTAwJTI1JTNCJTdEJTNDJTJGc3R5bGUlM0UlM0NzdHlsZSUzRS5nbWFwX2NhbnZhcyUyMCU3Qm92ZXJmbG93JTNBaGlkZGVuJTNCYmFja2dyb3VuZCUzQW5vbmUlMjFpbXBvcnRhbnQlM0JoZWlnaHQlM0E1MDBweCUzQndpZHRoJTNBMTAwJTI1JTNCJTdEJTNDJTJGc3R5bGUlM0UlM0MlMkZkaXYlM0UlM0MlMkZkaXYlM0U=[\/vc_raw_html]<\/div><\/div><\/div><\/section>\n","protected":false},"excerpt":{"rendered":"Wir freuen uns darauf, gemeinsam mit Ihnen etwas zu bauen!Sie m\u00f6chten Ihre eigene Kosmetiklinie erstellen? Kontaktieren Sie unsere Marketingabteilung, um eine Zusammenarbeit mit DELTA BKB srl zu bewerten. Es wird eine Freude sein, Ihnen zu helfen! [vc_single_image image=\"22298\" img_size=\"full\" alignment=\"center\"]F\u00fcllen Sie das Formular aus oder kontaktieren Sie uns direkt, wir sind f\u00fcr Sie da!Telefon059 828363Emaildelta-bkb@delta-bkb.itFordern Sie weitere Informationen an:Commerciale Italiacommerciale.italia@delta-bkb.itCommerciale Esteroexport@delta-bkb.itAdministrationadmin@delta-bkb.itProduktionlaboratorio@delta-bkb.it F\u00fcllen Sie das Formular aus, Sie werden kontaktiert! Ich akzeptiere die Verarbeitung personenbezogener Daten nach Kenntnisnahme der Datenschutzerkl\u00e4rung * Ich bin damit einverstanden, die Daten, die ich hier gebe, ausschlie\u00dflich zu verarbeiten, um gegebenenfalls vom Eigent\u00fcmer der Website kontaktiert zu werden * Die mit * gekennzeichneten Felder sind Pflichtfelder. Wo wir sindKommen Sie uns besuchenWir sind in Via Ferrari 27- 41043 Formigine (MO) Unsere Fahrpl\u00e4neMontag bis Freitag 8.30\/12.30 - 14.00\/18.00 Uhr [vc_raw_html]JTNDZGl2JTIwY2xhc3MlM0QlMjJtYXBvdXRlciUyMiUzRSUzQ2RpdiUyMGNsYXNzJTNEJTIyZ21hcF9jYW52YXMlMjIlM0UlM0NpZnJhbWUlMjB3aWR0aCUzRCUyMjEwMCUyNSUyMiUyMGhlaWdodCUzRCUyMjUwMCUyMiUyMGlkJTNEJTIyZ21hcF9jYW52YXMlMjIlMjBzcmMlM0QlMjJodHRwcyUzQSUyRiUyRm1hcHMuZ29vZ2xlLmNvbSUyRm1hcHMlM0ZxJTNERGVsdGElMjUyMEJrYiUyNTIwUy5yLmwuJTJDJTI1MjBWaWElMjUyMEZlcnJhcmklMkMlMjUyMEZvcm1pZ2luZSUyQyUyNTIwTU8lMjZ0JTNEJTI2eiUzRDE3JTI2aWUlM0RVVEY4JTI2aXdsb2MlM0QlMjZvdXRwdXQlM0RlbWJlZCUyMiUyMGZyYW1lYm9yZGVyJTNEJTIyMCUyMiUyMHNjcm9sbGluZyUzRCUyMm5vJTIyJTIwbWFyZ2luaGVpZ2h0JTNEJTIyMCUyMiUyMG1hcmdpbndpZHRoJTNEJTIyMCUyMiUzRSUzQyUyRmlmcmFtZSUzRSUzQ2ElMjBocmVmJTNEJTIyaHR0cHMlM0ElMkYlMkZ3d3cud2hhdGlzbXlpcC1hZGRyZXNzLmNvbSUyRmRpdmktZGlzY291bnQlMkYlMjIlM0UlM0MlMkZhJTNFJTNDYnIlM0UlM0NzdHlsZSUzRS5tYXBvdXRlciU3QnBvc2l0aW9uJTNBcmVsYXRpdmUlM0J0ZXh0LWFsaWduJTNBcmlnaHQlM0JoZWlnaHQlM0E1MDBweCUzQndpZHRoJTNBMTAwJTI1JTNCJTdEJTNDJTJGc3R5bGUlM0UlM0NzdHlsZSUzRS5nbWFwX2NhbnZhcyUyMCU3Qm92ZXJmbG93JTNBaGlkZGVuJTNCYmFja2dyb3VuZCUzQW5vbmUlMjFpbXBvcnRhbnQlM0JoZWlnaHQlM0E1MDBweCUzQndpZHRoJTNBMTAwJTI1JTNCJTdEJTNDJTJGc3R5bGUlM0UlM0MlMkZkaXYlM0UlM0MlMkZkaXYlM0U=[\/vc_raw_html]","protected":false},"author":1,"featured_media":0,"parent":0,"menu_order":0,"comment_status":"closed","ping_status":"closed","template":"","meta":[],"yoast_head":"<!-- This site is optimized with the Yoast SEO plugin v17.5 - https:\/\/yoast.com\/wordpress\/plugins\/seo\/ -->\n<title>Kontakt | Delta BKB<\/title>\n<meta name=\"robots\" content=\"index, follow, max-snippet:-1, max-image-preview:large, max-video-preview:-1\" \/>\n<link rel=\"canonical\" href=\"https:\/\/www.delta-bkb.it\/de\/contatti\/\" \/>\n<meta property=\"og:locale\" content=\"de_DE\" \/>\n<meta property=\"og:type\" content=\"article\" \/>\n<meta property=\"og:title\" content=\"Kontakt | Delta BKB\" \/>\n<meta property=\"og:url\" content=\"https:\/\/www.delta-bkb.it\/de\/contatti\/\" \/>\n<meta property=\"og:site_name\" content=\"Delta BKB\" \/>\n<meta property=\"article:modified_time\" content=\"2023-05-26T13:39:58+00:00\" \/>\n<meta name=\"twitter:card\" content=\"summary_large_image\" \/>\n<meta name=\"twitter:label1\" content=\"Gesch\u00e4tzte Lesezeit\" \/>\n\t<meta name=\"twitter:data1\" content=\"6\u00a0Minuten\" \/>\n<script type=\"application\/ld+json\" class=\"yoast-schema-graph\">{\"@context\":\"https:\/\/schema.org\",\"@graph\":[{\"@type\":\"WebSite\",\"@id\":\"https:\/\/www.delta-bkb.it\/#website\",\"url\":\"https:\/\/www.delta-bkb.it\/\",\"name\":\"Delta BKB\",\"description\":\"Delta BKB Laboratori Cosmetici\",\"potentialAction\":[{\"@type\":\"SearchAction\",\"target\":{\"@type\":\"EntryPoint\",\"urlTemplate\":\"https:\/\/www.delta-bkb.it\/?s={search_term_string}\"},\"query-input\":\"required name=search_term_string\"}],\"inLanguage\":\"de\"},{\"@type\":\"WebPage\",\"@id\":\"https:\/\/www.delta-bkb.it\/de\/contatti\/#webpage\",\"url\":\"https:\/\/www.delta-bkb.it\/de\/contatti\/\",\"name\":\"Kontakt | Delta BKB\",\"isPartOf\":{\"@id\":\"https:\/\/www.delta-bkb.it\/#website\"},\"datePublished\":\"2021-09-29T17:02:15+00:00\",\"dateModified\":\"2023-05-26T13:39:58+00:00\",\"breadcrumb\":{\"@id\":\"https:\/\/www.delta-bkb.it\/de\/contatti\/#breadcrumb\"},\"inLanguage\":\"de\",\"potentialAction\":[{\"@type\":\"ReadAction\",\"target\":[\"https:\/\/www.delta-bkb.it\/de\/contatti\/\"]}]},{\"@type\":\"BreadcrumbList\",\"@id\":\"https:\/\/www.delta-bkb.it\/de\/contatti\/#breadcrumb\",\"itemListElement\":[{\"@type\":\"ListItem\",\"position\":1,\"name\":\"Home\",\"item\":\"https:\/\/www.delta-bkb.it\/de\/\"},{\"@type\":\"ListItem\",\"position\":2,\"name\":\"Kontakt\"}]}]}<\/script>\n<!-- \/ Yoast SEO plugin. -->","yoast_head_json":{"title":"Kontakt | Delta BKB","robots":{"index":"index","follow":"follow","max-snippet":"max-snippet:-1","max-image-preview":"max-image-preview:large","max-video-preview":"max-video-preview:-1"},"canonical":"https:\/\/www.delta-bkb.it\/de\/contatti\/","og_locale":"de_DE","og_type":"article","og_title":"Kontakt | Delta BKB","og_url":"https:\/\/www.delta-bkb.it\/de\/contatti\/","og_site_name":"Delta BKB","article_modified_time":"2023-05-26T13:39:58+00:00","twitter_card":"summary_large_image","twitter_misc":{"Gesch\u00e4tzte Lesezeit":"6\u00a0Minuten"},"schema":{"@context":"https:\/\/schema.org","@graph":[{"@type":"WebSite","@id":"https:\/\/www.delta-bkb.it\/#website","url":"https:\/\/www.delta-bkb.it\/","name":"Delta BKB","description":"Delta BKB Laboratori Cosmetici","potentialAction":[{"@type":"SearchAction","target":{"@type":"EntryPoint","urlTemplate":"https:\/\/www.delta-bkb.it\/?s={search_term_string}"},"query-input":"required name=search_term_string"}],"inLanguage":"de"},{"@type":"WebPage","@id":"https:\/\/www.delta-bkb.it\/de\/contatti\/#webpage","url":"https:\/\/www.delta-bkb.it\/de\/contatti\/","name":"Kontakt | Delta BKB","isPartOf":{"@id":"https:\/\/www.delta-bkb.it\/#website"},"datePublished":"2021-09-29T17:02:15+00:00","dateModified":"2023-05-26T13:39:58+00:00","breadcrumb":{"@id":"https:\/\/www.delta-bkb.it\/de\/contatti\/#breadcrumb"},"inLanguage":"de","potentialAction":[{"@type":"ReadAction","target":["https:\/\/www.delta-bkb.it\/de\/contatti\/"]}]},{"@type":"BreadcrumbList","@id":"https:\/\/www.delta-bkb.it\/de\/contatti\/#breadcrumb","itemListElement":[{"@type":"ListItem","position":1,"name":"Home","item":"https:\/\/www.delta-bkb.it\/de\/"},{"@type":"ListItem","position":2,"name":"Kontakt"}]}]}},"_links":{"self":[{"href":"https:\/\/www.delta-bkb.it\/de\/wp-json\/wp\/v2\/pages\/25717"}],"collection":[{"href":"https:\/\/www.delta-bkb.it\/de\/wp-json\/wp\/v2\/pages"}],"about":[{"href":"https:\/\/www.delta-bkb.it\/de\/wp-json\/wp\/v2\/types\/page"}],"author":[{"embeddable":true,"href":"https:\/\/www.delta-bkb.it\/de\/wp-json\/wp\/v2\/users\/1"}],"replies":[{"embeddable":true,"href":"https:\/\/www.delta-bkb.it\/de\/wp-json\/wp\/v2\/comments?post=25717"}],"version-history":[{"count":4,"href":"https:\/\/www.delta-bkb.it\/de\/wp-json\/wp\/v2\/pages\/25717\/revisions"}],"predecessor-version":[{"id":25798,"href":"https:\/\/www.delta-bkb.it\/de\/wp-json\/wp\/v2\/pages\/25717\/revisions\/25798"}],"wp:attachment":[{"href":"https:\/\/www.delta-bkb.it\/de\/wp-json\/wp\/v2\/media?parent=25717"}],"curies":[{"name":"wp","href":"https:\/\/api.w.org\/{rel}","templated":true}]}}