{"id":25720,"date":"2021-11-08T09:33:14","date_gmt":"2021-11-08T08:33:14","guid":{"rendered":"https:\/\/www.delta-bkb.it\/glam1965\/"},"modified":"2024-09-04T11:51:25","modified_gmt":"2024-09-04T09:51:25","slug":"glam1965","status":"publish","type":"page","link":"https:\/\/www.delta-bkb.it\/de\/glam1965\/","title":{"rendered":"Glam1965"},"content":{"rendered":"<section class=\"vc_row wpb_row vc_row-fluid  vc_custom_1636127027604 wow fadeIn\"><div class=\"wpb_column vc_column_container vc_col-sm-12 vc_col-xs-12\"><div class=\"vc_column-inner \"><div class=\"wpb_wrapper\"><h5 class=\"text-extra-dark-gray margin-20px-bottom font-weight-600 display-none alt-font heading-style2  vc_custom_1636359602527  heading-1\"  style=\"font-weight: 600;\">GLAM1965<\/h5>[vc_single_image image=&#8220;22783&#8243; img_size=&#8220;medium&#8220; alignment=&#8220;center&#8220; css=&#8220;.vc_custom_1636446183260{margin-bottom: 50px !important;}&#8220;]<div class=\"last-paragraph-no-margin\" style=\"color: #232323;\"><p><span style=\"font-weight: 400;\">Die kosmetische Welt von <strong>GLAM1965<\/strong> entstand in Formigine und ist gepr\u00e4gt von dem Wunsch von <strong>DELTA BKB<\/strong>, eine <strong>100% nat\u00fcrliche<\/strong> und nachhaltige Produktlinie f\u00fcr die <strong>K\u00f6rper<\/strong>-, <strong>Haar<\/strong>&#8211; und Gesichtspflege zu <strong>entwickeln<\/strong>.<\/span><\/p>\n<\/div><div class=\"last-paragraph-no-margin\" style=\"color: #232323;\"><p><span style=\"font-weight: 400;\"><strong>GLAM1965<\/strong> ist das Ergebnis einer intensiven Leidenschaft f\u00fcr professionelle Kosmetik und einer starken Liebe zur Natur. Mit einer v\u00f6llig gr\u00fcnen Philosophie m\u00f6chte <strong>GLAM1965<\/strong> seinen Kunden in einem einzigartigen, bewussten Beauty-Erlebnis begleiten, das durch das Made in Italy-Siegel garantiert wird.<\/span><\/p>\n<\/div><\/div><\/div><\/div><\/section><section id=\"about\" data-vc-full-width=\"true\" data-vc-full-width-init=\"false\" class=\"vc_row wpb_row vc_row-fluid  vc_custom_1636127120763 cover-background pofo-stretch-content pofo-stretch-row-container vc_row-o-content-middle vc_row-flex\"><div class=\"wpb_column vc_column_container vc_col-sm-6  col-xs-mobile-fullwidth wow fadeInLeft pofo-column-responsive-69f0c2d479823\"><div class=\"vc_column-inner \"><div class=\"wpb_wrapper\">[vc_single_image image=&#8220;27264&#8243; img_size=&#8220;full&#8220; alignment=&#8220;center&#8220;]<\/div><\/div><\/div><div class=\"wpb_column vc_column_container vc_col-sm-6  col-xs-mobile-fullwidth wow fadeInRight pofo-column-responsive-69f0c2d4798aa\"><div class=\"vc_column-inner vc_custom_1636127562314\"><div class=\"wpb_wrapper\"><div class=\" vc_custom_1684499058017 last-paragraph-no-margin\" style=\"color: #232323;\"><p><span style=\"font-weight: 400;\"><strong>GLAM1965<\/strong> bietet Kosmetiklinien, die von den <strong>DELTA BKB<\/strong> Labors entwickelt und hergestellt wurden, um allen Bed\u00fcrfnissen gerecht zu werden:<\/span><\/p>\n<\/div><ul class=\"text-medium list-style-3 list-style3-1 \" style=\"color: #232323;\"><li><strong>Trichologische Behandlungen <\/strong> |  Trichologische Behandlungen sind die Hauptprodukte von GLAM1965. Die Marke verf\u00fcgt \u00fcber mehr als 50 Jahre Erfahrung in der L\u00f6sung von Kopfhautanomalien. DELTA STUDIO ist das professionelle Haarpflegesystem, das aus sechs verschiedenen nat\u00fcrlichen Linien von 90 bis 99,7% besteht, die das Haar von der Wurzel an heilen k\u00f6nnen.<\/li><li>Linea Naturale | Die nat\u00fcrliche Linie von GLAM1965 ist dem Wohlbefinden von Gesicht und K\u00f6rper gewidmet und reich an \u00d6len und Pflanzenextrakten.<\/li><li><strong>Aloha<\/strong> |  Die nat\u00fcrliche Sonnenschutzlinie f\u00fcr alle Outdoor-Aktivit\u00e4ten zu jeder Jahreszeit.<\/li><li>Integra | F\u00fcr das Wohlbefinden des Menschen hat <strong>GLAM1965<\/strong> eine Reihe nat\u00fcrlicher Nahrungserg\u00e4nzungsmittel entwickelt.<\/li><\/ul><\/div><\/div><\/div><\/section><div class=\"vc_row-full-width vc_clearfix\"><\/div><section class=\"vc_row wpb_row vc_row-fluid  vc_custom_1636127127963 wow fadeIn\"><div class=\"wpb_column vc_column_container vc_col-sm-12 vc_col-xs-12\"><div class=\"vc_column-inner \"><div class=\"wpb_wrapper\"><div class=\"last-paragraph-no-margin\" style=\"color: #232323;\"><p><span style=\"font-weight: 400;\"><strong>GLAM1965<\/strong> ist seit jeher auf Nachhaltigkeit bedacht: Alle Produkte enthalten keine Chemikalien und Schadstoffe, Farbstoffe, Erd\u00f6lderivate und sind cruelty-frei. Um die Verwendung von Kunststoff vollst\u00e4ndig zu eliminieren, entschied sich <strong>GLAM1965<\/strong> f\u00fcr Glas und Aluminium f\u00fcr eine nachhaltige Verpackung.<\/span><\/p>\n<\/div><div class=\"last-paragraph-no-margin\" style=\"color: #232323;\"><p><span style=\"font-weight: 400;\">Die Wahl der Marke <strong>GLAM1965<\/strong> bedeutet nicht nur, ein hochwertiges Produkt zu kaufen, sondern auch einen bewussten und nachhaltigen Lebensstil.<\/span><\/p>\n<\/div><\/div><\/div><\/div><\/section><section class=\"vc_row wpb_row vc_row-fluid my-custom-button-row vc_custom_1636127610445 wow fadeInUp vc_row-has-fill\"><div class=\"wpb_column vc_column_container vc_col-sm-12  col-xs-mobile-fullwidth text-center md-text-center sm-text-center xs-text-center\"><div class=\"vc_column-inner \"><div class=\"wpb_wrapper\"><a  href=\"https:\/\/www.glam1965.com\/de\" target=\"_blank\" class=\"btn pofo-button-1  wow none button-style2  btn-white  btn-extra-large  vc_custom_1685028311664\"  style=\"color:#ffffff;  border-color:#000000; \">ENTDECKEN SIE DIE KOSMETISCHE WELT VON GLAM1965<\/a><\/div><\/div><\/div><\/section>\n","protected":false},"excerpt":{"rendered":"GLAM1965[vc_single_image image=\"22783\" img_size=\"medium\" alignment=\"center\" css=\".vc_custom_1636446183260{margin-bottom: 50px !important;}\"]Die kosmetische Welt von GLAM1965 entstand in Formigine und ist gepr\u00e4gt von dem Wunsch von DELTA BKB, eine 100% nat\u00fcrliche und nachhaltige Produktlinie f\u00fcr die K\u00f6rper-, Haar- und Gesichtspflege zu entwickeln. GLAM1965 ist das Ergebnis einer intensiven Leidenschaft f\u00fcr professionelle Kosmetik und einer starken Liebe zur Natur. Mit einer v\u00f6llig gr\u00fcnen Philosophie m\u00f6chte GLAM1965 seinen Kunden in einem einzigartigen, bewussten Beauty-Erlebnis begleiten, das durch das Made in Italy-Siegel garantiert wird. [vc_single_image image=\"27264\" img_size=\"full\" alignment=\"center\"]GLAM1965 bietet Kosmetiklinien, die von den DELTA BKB Labors entwickelt und hergestellt wurden, um allen Bed\u00fcrfnissen gerecht zu werden: Trichologische Behandlungen | Trichologische Behandlungen sind die Hauptprodukte von GLAM1965. Die Marke verf\u00fcgt \u00fcber mehr als 50 Jahre Erfahrung in der L\u00f6sung von Kopfhautanomalien. DELTA STUDIO ist das professionelle Haarpflegesystem, das aus sechs verschiedenen nat\u00fcrlichen Linien von 90 bis 99,7% besteht, die das Haar von der Wurzel an heilen k\u00f6nnen.Linea Naturale | Die nat\u00fcrliche Linie von GLAM1965 ist dem Wohlbefinden von Gesicht und K\u00f6rper gewidmet und reich an \u00d6len und Pflanzenextrakten.Aloha | Die nat\u00fcrliche Sonnenschutzlinie f\u00fcr alle Outdoor-Aktivit\u00e4ten zu jeder Jahreszeit.Integra | F\u00fcr das Wohlbefinden des Menschen hat GLAM1965 eine Reihe nat\u00fcrlicher Nahrungserg\u00e4nzungsmittel entwickelt.GLAM1965 ist seit jeher auf Nachhaltigkeit bedacht: Alle Produkte...","protected":false},"author":1,"featured_media":0,"parent":0,"menu_order":0,"comment_status":"closed","ping_status":"closed","template":"","meta":[],"yoast_head":"<!-- This site is optimized with the Yoast SEO plugin v17.5 - https:\/\/yoast.com\/wordpress\/plugins\/seo\/ -->\n<title>Glam1965 | Delta BKB Produzione Cosmetici Naturali<\/title>\n<meta name=\"description\" content=\"Produzione prodotti cosmetici naturali conto terzi. Scopri Glam1965: scegli la linea di prodotti 100% naturali e sostenibili.\" \/>\n<meta name=\"robots\" content=\"index, follow, max-snippet:-1, max-image-preview:large, max-video-preview:-1\" \/>\n<link rel=\"canonical\" href=\"https:\/\/www.delta-bkb.it\/de\/glam1965\/\" \/>\n<meta property=\"og:locale\" content=\"de_DE\" \/>\n<meta property=\"og:type\" content=\"article\" \/>\n<meta property=\"og:title\" content=\"Glam1965 | Delta BKB Produzione Cosmetici Naturali\" \/>\n<meta property=\"og:description\" content=\"Produzione prodotti cosmetici naturali conto terzi. Scopri Glam1965: scegli la linea di prodotti 100% naturali e sostenibili.\" \/>\n<meta property=\"og:url\" content=\"https:\/\/www.delta-bkb.it\/de\/glam1965\/\" \/>\n<meta property=\"og:site_name\" content=\"Delta BKB\" \/>\n<meta property=\"article:modified_time\" content=\"2024-09-04T09:51:25+00:00\" \/>\n<meta name=\"twitter:card\" content=\"summary_large_image\" \/>\n<meta name=\"twitter:label1\" content=\"Gesch\u00e4tzte Lesezeit\" \/>\n\t<meta name=\"twitter:data1\" content=\"2\u00a0Minuten\" \/>\n<script type=\"application\/ld+json\" class=\"yoast-schema-graph\">{\"@context\":\"https:\/\/schema.org\",\"@graph\":[{\"@type\":\"WebSite\",\"@id\":\"https:\/\/www.delta-bkb.it\/#website\",\"url\":\"https:\/\/www.delta-bkb.it\/\",\"name\":\"Delta BKB\",\"description\":\"Delta BKB Laboratori Cosmetici\",\"potentialAction\":[{\"@type\":\"SearchAction\",\"target\":{\"@type\":\"EntryPoint\",\"urlTemplate\":\"https:\/\/www.delta-bkb.it\/?s={search_term_string}\"},\"query-input\":\"required name=search_term_string\"}],\"inLanguage\":\"de\"},{\"@type\":\"WebPage\",\"@id\":\"https:\/\/www.delta-bkb.it\/de\/glam1965\/#webpage\",\"url\":\"https:\/\/www.delta-bkb.it\/de\/glam1965\/\",\"name\":\"Glam1965 | Delta BKB Produzione Cosmetici Naturali\",\"isPartOf\":{\"@id\":\"https:\/\/www.delta-bkb.it\/#website\"},\"datePublished\":\"2021-11-08T08:33:14+00:00\",\"dateModified\":\"2024-09-04T09:51:25+00:00\",\"description\":\"Produzione prodotti cosmetici naturali conto terzi. Scopri Glam1965: scegli la linea di prodotti 100% naturali e sostenibili.\",\"breadcrumb\":{\"@id\":\"https:\/\/www.delta-bkb.it\/de\/glam1965\/#breadcrumb\"},\"inLanguage\":\"de\",\"potentialAction\":[{\"@type\":\"ReadAction\",\"target\":[\"https:\/\/www.delta-bkb.it\/de\/glam1965\/\"]}]},{\"@type\":\"BreadcrumbList\",\"@id\":\"https:\/\/www.delta-bkb.it\/de\/glam1965\/#breadcrumb\",\"itemListElement\":[{\"@type\":\"ListItem\",\"position\":1,\"name\":\"Home\",\"item\":\"https:\/\/www.delta-bkb.it\/de\/\"},{\"@type\":\"ListItem\",\"position\":2,\"name\":\"Glam1965\"}]}]}<\/script>\n<!-- \/ Yoast SEO plugin. -->","yoast_head_json":{"title":"Glam1965 | Delta BKB Produzione Cosmetici Naturali","description":"Produzione prodotti cosmetici naturali conto terzi. Scopri Glam1965: scegli la linea di prodotti 100% naturali e sostenibili.","robots":{"index":"index","follow":"follow","max-snippet":"max-snippet:-1","max-image-preview":"max-image-preview:large","max-video-preview":"max-video-preview:-1"},"canonical":"https:\/\/www.delta-bkb.it\/de\/glam1965\/","og_locale":"de_DE","og_type":"article","og_title":"Glam1965 | Delta BKB Produzione Cosmetici Naturali","og_description":"Produzione prodotti cosmetici naturali conto terzi. Scopri Glam1965: scegli la linea di prodotti 100% naturali e sostenibili.","og_url":"https:\/\/www.delta-bkb.it\/de\/glam1965\/","og_site_name":"Delta BKB","article_modified_time":"2024-09-04T09:51:25+00:00","twitter_card":"summary_large_image","twitter_misc":{"Gesch\u00e4tzte Lesezeit":"2\u00a0Minuten"},"schema":{"@context":"https:\/\/schema.org","@graph":[{"@type":"WebSite","@id":"https:\/\/www.delta-bkb.it\/#website","url":"https:\/\/www.delta-bkb.it\/","name":"Delta BKB","description":"Delta BKB Laboratori Cosmetici","potentialAction":[{"@type":"SearchAction","target":{"@type":"EntryPoint","urlTemplate":"https:\/\/www.delta-bkb.it\/?s={search_term_string}"},"query-input":"required name=search_term_string"}],"inLanguage":"de"},{"@type":"WebPage","@id":"https:\/\/www.delta-bkb.it\/de\/glam1965\/#webpage","url":"https:\/\/www.delta-bkb.it\/de\/glam1965\/","name":"Glam1965 | Delta BKB Produzione Cosmetici Naturali","isPartOf":{"@id":"https:\/\/www.delta-bkb.it\/#website"},"datePublished":"2021-11-08T08:33:14+00:00","dateModified":"2024-09-04T09:51:25+00:00","description":"Produzione prodotti cosmetici naturali conto terzi. Scopri Glam1965: scegli la linea di prodotti 100% naturali e sostenibili.","breadcrumb":{"@id":"https:\/\/www.delta-bkb.it\/de\/glam1965\/#breadcrumb"},"inLanguage":"de","potentialAction":[{"@type":"ReadAction","target":["https:\/\/www.delta-bkb.it\/de\/glam1965\/"]}]},{"@type":"BreadcrumbList","@id":"https:\/\/www.delta-bkb.it\/de\/glam1965\/#breadcrumb","itemListElement":[{"@type":"ListItem","position":1,"name":"Home","item":"https:\/\/www.delta-bkb.it\/de\/"},{"@type":"ListItem","position":2,"name":"Glam1965"}]}]}},"_links":{"self":[{"href":"https:\/\/www.delta-bkb.it\/de\/wp-json\/wp\/v2\/pages\/25720"}],"collection":[{"href":"https:\/\/www.delta-bkb.it\/de\/wp-json\/wp\/v2\/pages"}],"about":[{"href":"https:\/\/www.delta-bkb.it\/de\/wp-json\/wp\/v2\/types\/page"}],"author":[{"embeddable":true,"href":"https:\/\/www.delta-bkb.it\/de\/wp-json\/wp\/v2\/users\/1"}],"replies":[{"embeddable":true,"href":"https:\/\/www.delta-bkb.it\/de\/wp-json\/wp\/v2\/comments?post=25720"}],"version-history":[{"count":4,"href":"https:\/\/www.delta-bkb.it\/de\/wp-json\/wp\/v2\/pages\/25720\/revisions"}],"predecessor-version":[{"id":27267,"href":"https:\/\/www.delta-bkb.it\/de\/wp-json\/wp\/v2\/pages\/25720\/revisions\/27267"}],"wp:attachment":[{"href":"https:\/\/www.delta-bkb.it\/de\/wp-json\/wp\/v2\/media?parent=25720"}],"curies":[{"name":"wp","href":"https:\/\/api.w.org\/{rel}","templated":true}]}}