{"id":25726,"date":"2021-11-08T09:33:12","date_gmt":"2021-11-08T08:33:12","guid":{"rendered":"https:\/\/www.delta-bkb.it\/the-inglorious-mariner\/"},"modified":"2024-09-04T11:57:20","modified_gmt":"2024-09-04T09:57:20","slug":"the-inglorious-mariner","status":"publish","type":"page","link":"https:\/\/www.delta-bkb.it\/de\/the-inglorious-mariner\/","title":{"rendered":"The inglorious mariner"},"content":{"rendered":"<section class=\"vc_row wpb_row vc_row-fluid  vc_custom_1636127027604 wow fadeIn\"><div class=\"wpb_column vc_column_container vc_col-sm-12 vc_col-xs-12\"><div class=\"vc_column-inner \"><div class=\"wpb_wrapper\"><h5 class=\"text-extra-dark-gray margin-20px-bottom font-weight-600 display-none alt-font heading-style2  vc_custom_1636359614792  heading-1\"  style=\"font-weight: 600;\">THE INGLORIOUS MARINER<\/h5>[vc_single_image image=&#8220;22821&#8243; img_size=&#8220;medium&#8220; alignment=&#8220;center&#8220; css=&#8220;.vc_custom_1636446426908{margin-bottom: 50px !important;}&#8220;]<div class=\"last-paragraph-no-margin\" style=\"color: #232323;\"><p><span style=\"font-weight: 400;\">Die Marke <strong>The Inglorious Mariner<\/strong> wurde durch die Notwendigkeit von <strong>DELTA BKB<\/strong> gepr\u00e4gt, nachhaltige Kosmetikprodukte ausschlie\u00dflich f\u00fcr M\u00e4nner und f\u00fcr die Pflege von Bart, K\u00f6rper und Haar herzustellen.<\/span><\/p>\n<\/div><div class=\"last-paragraph-no-margin\" style=\"color: #232323;\"><p><span style=\"font-weight: 400;\">Alle Produkte von <strong>The Inglorious Mariner<\/strong> sind <strong>100% nat\u00fcrlich und kunststofffrei<\/strong> und wurden von Experten mit bew\u00e4hrter Branchenerfahrung entwickelt.<\/span><\/p>\n<p><span style=\"font-weight: 400;\">Die Produktlinie <strong>The Inglorious Mariner<\/strong> enth\u00e4lt spezifische Wirkstoffe und wohltuende Essenzen und sagt &#8222;NEIN&#8220; zu Parabenen, Petrolaten, Sulfaten, SLES und SLS, Silikonen und synthetischen Farbstoffen.<\/span><\/p>\n<\/div><\/div><\/div><\/div><\/section><section id=\"about\" data-vc-full-width=\"true\" data-vc-full-width-init=\"false\" class=\"vc_row wpb_row vc_row-fluid  vc_custom_1636127120763 cover-background pofo-stretch-content pofo-stretch-row-container vc_row-o-content-middle vc_row-flex\"><div class=\"wpb_column vc_column_container vc_col-sm-6  col-xs-mobile-fullwidth wow fadeInLeft pofo-column-responsive-69f0c59d52cdc\"><div class=\"vc_column-inner \"><div class=\"wpb_wrapper\">[vc_single_image image=&#8220;27270&#8243; img_size=&#8220;large&#8220; alignment=&#8220;center&#8220;]<\/div><\/div><\/div><div class=\"wpb_column vc_column_container vc_col-sm-6  col-xs-mobile-fullwidth wow fadeInRight pofo-column-responsive-69f0c59d52d32\"><div class=\"vc_column-inner vc_custom_1636127562314\"><div class=\"wpb_wrapper\"><div class=\" vc_custom_1684500216007 last-paragraph-no-margin\" style=\"color: #232323;\"><p><span style=\"font-weight: 400;\"><strong>The Inglorious Mariner<\/strong> ist nicht nur eine Marke, die sich der Sch\u00f6nheit und dem Wohlbefinden von M\u00e4nnern widmet: Teil des Teams zu sein, bedeutet, sich einer gr\u00fcnen Lebensphilosophie anzuschlie\u00dfen, die den Planeten umfasst und sich um ihn k\u00fcmmert.<\/span><\/p>\n<p><span style=\"font-weight: 400;\">Die italienische Marke hat in der Tat das \u00fcbergeordnete Ziel, ihre \u00d6ffentlichkeit f\u00fcr die Reduzierung des Plastikverbrauchs zu sensibilisieren.<\/span><\/p>\n<\/div><\/div><\/div><\/div><\/section><div class=\"vc_row-full-width vc_clearfix\"><\/div><section class=\"vc_row wpb_row vc_row-fluid  vc_custom_1636127127963 wow fadeIn\"><div class=\"wpb_column vc_column_container vc_col-sm-12 vc_col-xs-12\"><div class=\"vc_column-inner \"><div class=\"wpb_wrapper\"><div class=\"last-paragraph-no-margin\" style=\"color: #232323;\"><p><span style=\"font-weight: 400;\">Die Pakete der Linie<strong> The Inglorious Mariner<\/strong>, die ausschlie\u00dflich f\u00fcr Produkte f\u00fcr den Menschen bestimmt sind und vollst\u00e4ndig in <strong>Italien<\/strong> hergestellt werden, sind vollst\u00e4ndig <strong>kunststofffrei<\/strong> und bestehen aus nachhaltigen Materialien wie Papier, Aluminium und Glas.<\/span><\/p>\n<\/div><div class=\"last-paragraph-no-margin\" style=\"color: #232323;\"><p><span style=\"font-weight: 400;\">Werden Sie Teil des Teams <strong>The Inglorious Mariner<\/strong>: Herrenprodukte von M\u00e4nnern.<\/span><\/p>\n<\/div><\/div><\/div><\/div><\/section><section class=\"vc_row wpb_row vc_row-fluid my-custom-button-row vc_custom_1636359327945 wow fadeInUp vc_row-has-fill\"><div class=\"wpb_column vc_column_container vc_col-sm-12  col-xs-mobile-fullwidth text-center md-text-center sm-text-center xs-text-center\"><div class=\"vc_column-inner \"><div class=\"wpb_wrapper\"><a  href=\"https:\/\/www.theingloriousmariner.com\/\" target=\"_blank\" class=\"btn pofo-button-1  wow none button-style2  btn-white  btn-extra-large  vc_custom_1684500385411\"  style=\"color:#ffffff;  border-color:#002d4c; \">ENTDECKEN SIE ALLE PRODUKTE VON THE INGLORIOUS MARINER<\/a><\/div><\/div><\/div><\/section>\n","protected":false},"excerpt":{"rendered":"THE INGLORIOUS MARINER[vc_single_image image=\"22821\" img_size=\"medium\" alignment=\"center\" css=\".vc_custom_1636446426908{margin-bottom: 50px !important;}\"]Die Marke The Inglorious Mariner wurde durch die Notwendigkeit von DELTA BKB gepr\u00e4gt, nachhaltige Kosmetikprodukte ausschlie\u00dflich f\u00fcr M\u00e4nner und f\u00fcr die Pflege von Bart, K\u00f6rper und Haar herzustellen. Alle Produkte von The Inglorious Mariner sind 100% nat\u00fcrlich und kunststofffrei und wurden von Experten mit bew\u00e4hrter Branchenerfahrung entwickelt. Die Produktlinie The Inglorious Mariner enth\u00e4lt spezifische Wirkstoffe und wohltuende Essenzen und sagt \"NEIN\" zu Parabenen, Petrolaten, Sulfaten, SLES und SLS, Silikonen und synthetischen Farbstoffen. [vc_single_image image=\"27270\" img_size=\"large\" alignment=\"center\"]The Inglorious Mariner ist nicht nur eine Marke, die sich der Sch\u00f6nheit und dem Wohlbefinden von M\u00e4nnern widmet: Teil des Teams zu sein, bedeutet, sich einer gr\u00fcnen Lebensphilosophie anzuschlie\u00dfen, die den Planeten umfasst und sich um ihn k\u00fcmmert. Die italienische Marke hat in der Tat das \u00fcbergeordnete Ziel, ihre \u00d6ffentlichkeit f\u00fcr die Reduzierung des Plastikverbrauchs zu sensibilisieren. Die Pakete der Linie The Inglorious Mariner, die ausschlie\u00dflich f\u00fcr Produkte f\u00fcr den Menschen bestimmt sind und vollst\u00e4ndig in Italien hergestellt werden, sind vollst\u00e4ndig kunststofffrei und bestehen aus nachhaltigen Materialien wie Papier, Aluminium und Glas. Werden Sie Teil des Teams The Inglorious Mariner: Herrenprodukte von M\u00e4nnern. ENTDECKEN SIE ALLE PRODUKTE VON THE INGLORIOUS MARINER","protected":false},"author":1,"featured_media":0,"parent":0,"menu_order":0,"comment_status":"closed","ping_status":"closed","template":"","meta":[],"yoast_head":"<!-- This site is optimized with the Yoast SEO plugin v17.5 - https:\/\/yoast.com\/wordpress\/plugins\/seo\/ -->\n<title>The Inglorious Mariner | Delta BKB Prodotti Cosmetici Plastic Free<\/title>\n<meta name=\"description\" content=\"Produzione di prodotti cosmetici sostenibili e plastic free. Delta BKB \u00e8 specializzata nella produzione di cosmetici naturali conto terzi.\" \/>\n<meta name=\"robots\" content=\"index, follow, max-snippet:-1, max-image-preview:large, max-video-preview:-1\" \/>\n<link rel=\"canonical\" href=\"https:\/\/www.delta-bkb.it\/de\/the-inglorious-mariner\/\" \/>\n<meta property=\"og:locale\" content=\"de_DE\" \/>\n<meta property=\"og:type\" content=\"article\" \/>\n<meta property=\"og:title\" content=\"The Inglorious Mariner | Delta BKB Prodotti Cosmetici Plastic Free\" \/>\n<meta property=\"og:description\" content=\"Produzione di prodotti cosmetici sostenibili e plastic free. Delta BKB \u00e8 specializzata nella produzione di cosmetici naturali conto terzi.\" \/>\n<meta property=\"og:url\" content=\"https:\/\/www.delta-bkb.it\/de\/the-inglorious-mariner\/\" \/>\n<meta property=\"og:site_name\" content=\"Delta BKB\" \/>\n<meta property=\"article:modified_time\" content=\"2024-09-04T09:57:20+00:00\" \/>\n<meta name=\"twitter:card\" content=\"summary_large_image\" \/>\n<meta name=\"twitter:label1\" content=\"Gesch\u00e4tzte Lesezeit\" \/>\n\t<meta name=\"twitter:data1\" content=\"2\u00a0Minuten\" \/>\n<script type=\"application\/ld+json\" class=\"yoast-schema-graph\">{\"@context\":\"https:\/\/schema.org\",\"@graph\":[{\"@type\":\"WebSite\",\"@id\":\"https:\/\/www.delta-bkb.it\/#website\",\"url\":\"https:\/\/www.delta-bkb.it\/\",\"name\":\"Delta BKB\",\"description\":\"Delta BKB Laboratori Cosmetici\",\"potentialAction\":[{\"@type\":\"SearchAction\",\"target\":{\"@type\":\"EntryPoint\",\"urlTemplate\":\"https:\/\/www.delta-bkb.it\/?s={search_term_string}\"},\"query-input\":\"required name=search_term_string\"}],\"inLanguage\":\"de\"},{\"@type\":\"WebPage\",\"@id\":\"https:\/\/www.delta-bkb.it\/de\/the-inglorious-mariner\/#webpage\",\"url\":\"https:\/\/www.delta-bkb.it\/de\/the-inglorious-mariner\/\",\"name\":\"The Inglorious Mariner | Delta BKB Prodotti Cosmetici Plastic Free\",\"isPartOf\":{\"@id\":\"https:\/\/www.delta-bkb.it\/#website\"},\"datePublished\":\"2021-11-08T08:33:12+00:00\",\"dateModified\":\"2024-09-04T09:57:20+00:00\",\"description\":\"Produzione di prodotti cosmetici sostenibili e plastic free. Delta BKB \\u00e8 specializzata nella produzione di cosmetici naturali conto terzi.\",\"breadcrumb\":{\"@id\":\"https:\/\/www.delta-bkb.it\/de\/the-inglorious-mariner\/#breadcrumb\"},\"inLanguage\":\"de\",\"potentialAction\":[{\"@type\":\"ReadAction\",\"target\":[\"https:\/\/www.delta-bkb.it\/de\/the-inglorious-mariner\/\"]}]},{\"@type\":\"BreadcrumbList\",\"@id\":\"https:\/\/www.delta-bkb.it\/de\/the-inglorious-mariner\/#breadcrumb\",\"itemListElement\":[{\"@type\":\"ListItem\",\"position\":1,\"name\":\"Home\",\"item\":\"https:\/\/www.delta-bkb.it\/de\/\"},{\"@type\":\"ListItem\",\"position\":2,\"name\":\"The inglorious mariner\"}]}]}<\/script>\n<!-- \/ Yoast SEO plugin. -->","yoast_head_json":{"title":"The Inglorious Mariner | Delta BKB Prodotti Cosmetici Plastic Free","description":"Produzione di prodotti cosmetici sostenibili e plastic free. Delta BKB \u00e8 specializzata nella produzione di cosmetici naturali conto terzi.","robots":{"index":"index","follow":"follow","max-snippet":"max-snippet:-1","max-image-preview":"max-image-preview:large","max-video-preview":"max-video-preview:-1"},"canonical":"https:\/\/www.delta-bkb.it\/de\/the-inglorious-mariner\/","og_locale":"de_DE","og_type":"article","og_title":"The Inglorious Mariner | Delta BKB Prodotti Cosmetici Plastic Free","og_description":"Produzione di prodotti cosmetici sostenibili e plastic free. Delta BKB \u00e8 specializzata nella produzione di cosmetici naturali conto terzi.","og_url":"https:\/\/www.delta-bkb.it\/de\/the-inglorious-mariner\/","og_site_name":"Delta BKB","article_modified_time":"2024-09-04T09:57:20+00:00","twitter_card":"summary_large_image","twitter_misc":{"Gesch\u00e4tzte Lesezeit":"2\u00a0Minuten"},"schema":{"@context":"https:\/\/schema.org","@graph":[{"@type":"WebSite","@id":"https:\/\/www.delta-bkb.it\/#website","url":"https:\/\/www.delta-bkb.it\/","name":"Delta BKB","description":"Delta BKB Laboratori Cosmetici","potentialAction":[{"@type":"SearchAction","target":{"@type":"EntryPoint","urlTemplate":"https:\/\/www.delta-bkb.it\/?s={search_term_string}"},"query-input":"required name=search_term_string"}],"inLanguage":"de"},{"@type":"WebPage","@id":"https:\/\/www.delta-bkb.it\/de\/the-inglorious-mariner\/#webpage","url":"https:\/\/www.delta-bkb.it\/de\/the-inglorious-mariner\/","name":"The Inglorious Mariner | Delta BKB Prodotti Cosmetici Plastic Free","isPartOf":{"@id":"https:\/\/www.delta-bkb.it\/#website"},"datePublished":"2021-11-08T08:33:12+00:00","dateModified":"2024-09-04T09:57:20+00:00","description":"Produzione di prodotti cosmetici sostenibili e plastic free. Delta BKB \u00e8 specializzata nella produzione di cosmetici naturali conto terzi.","breadcrumb":{"@id":"https:\/\/www.delta-bkb.it\/de\/the-inglorious-mariner\/#breadcrumb"},"inLanguage":"de","potentialAction":[{"@type":"ReadAction","target":["https:\/\/www.delta-bkb.it\/de\/the-inglorious-mariner\/"]}]},{"@type":"BreadcrumbList","@id":"https:\/\/www.delta-bkb.it\/de\/the-inglorious-mariner\/#breadcrumb","itemListElement":[{"@type":"ListItem","position":1,"name":"Home","item":"https:\/\/www.delta-bkb.it\/de\/"},{"@type":"ListItem","position":2,"name":"The inglorious mariner"}]}]}},"_links":{"self":[{"href":"https:\/\/www.delta-bkb.it\/de\/wp-json\/wp\/v2\/pages\/25726"}],"collection":[{"href":"https:\/\/www.delta-bkb.it\/de\/wp-json\/wp\/v2\/pages"}],"about":[{"href":"https:\/\/www.delta-bkb.it\/de\/wp-json\/wp\/v2\/types\/page"}],"author":[{"embeddable":true,"href":"https:\/\/www.delta-bkb.it\/de\/wp-json\/wp\/v2\/users\/1"}],"replies":[{"embeddable":true,"href":"https:\/\/www.delta-bkb.it\/de\/wp-json\/wp\/v2\/comments?post=25726"}],"version-history":[{"count":3,"href":"https:\/\/www.delta-bkb.it\/de\/wp-json\/wp\/v2\/pages\/25726\/revisions"}],"predecessor-version":[{"id":27273,"href":"https:\/\/www.delta-bkb.it\/de\/wp-json\/wp\/v2\/pages\/25726\/revisions\/27273"}],"wp:attachment":[{"href":"https:\/\/www.delta-bkb.it\/de\/wp-json\/wp\/v2\/media?parent=25726"}],"curies":[{"name":"wp","href":"https:\/\/api.w.org\/{rel}","templated":true}]}}