{"id":25729,"date":"2021-08-12T16:48:45","date_gmt":"2021-08-12T14:48:45","guid":{"rendered":"https:\/\/www.delta-bkb.it\/servizi\/"},"modified":"2024-09-04T10:57:37","modified_gmt":"2024-09-04T08:57:37","slug":"dienstleistungen","status":"publish","type":"page","link":"https:\/\/www.delta-bkb.it\/de\/dienstleistungen\/","title":{"rendered":"Dienstleistungen"},"content":{"rendered":"<section class=\"vc_row wpb_row vc_row-fluid  vc_custom_1628175126685 wow fadeIn\"><div class=\"wpb_column vc_column_container vc_col-sm-12  col-xs-mobile-fullwidth text-center md-text-center sm-text-center xs-text-center\"><div class=\"vc_column-inner \"><div class=\"wpb_wrapper\"><h5 class=\"text-extra-dark-gray margin-20px-bottom font-weight-600 display-block alt-font text-uppercase heading-style2  heading-1\"  style=\"font-weight: 600;\">DAS BIETET IHNEN DELTA BKB AUF IHRER KOSMETISCHEN REISE<\/h5><\/div><\/div><\/div><\/section><section id=\"formulazione\" data-vc-full-width=\"true\" data-vc-full-width-init=\"false\" data-vc-stretch-content=\"true\" data-parallax-background-ratio=\"0.2\" class=\"vc_row wpb_row vc_row-fluid  vc_custom_1725440013447 wow none vc_row-has-fill pofo-stretch-content parallax pofo-row-responsive-69f0c2fcc0d45\"><div class=\"wpb_column vc_column_container vc_col-has-fill vc_col-sm-3\/5 vc_col-md-2\/5 col-xs-mobile-fullwidth wow fadeInLeft pofo-column-responsive-69f0c2fcc0dfb\"><div class=\"vc_column-inner vc_custom_1632834195283\"><div class=\"wpb_wrapper\"><div class=\"vc_row wpb_row vc_inner vc_row-fluid  vc_custom_1628841405003\"><div class=\"wpb_column vc_column_container vc_col-sm-8  col-xs-mobile-fullwidth xs-text-center\"><div class=\"vc_column-inner \"><div class=\"wpb_wrapper\"><h5 class=\"text-extra-dark-gray margin-20px-bottom font-weight-600 display-block alt-font heading-style2  vc_custom_1684500816708  heading-2\"  style=\"font-weight: 600;\">Die Studie der personalisierten Formulierung<\/h5><\/div><\/div><\/div><div class=\"wpb_column vc_column_container vc_col-sm-4  col-xs-mobile-fullwidth text-center\"><div class=\"vc_column-inner \"><div class=\"wpb_wrapper\">[vc_single_image image=&#8220;22142&#8243; img_size=&#8220;100&#215;87&#8243; alignment=&#8220;center&#8220;]<\/div><\/div><\/div><\/div><div class=\"last-paragraph-no-margin\" style=\"color: #232323;\"><p><span style=\"font-weight: 400;\">Delta BKB begleitet Sie auf Ihrem Weg zur Herstellung Ihrer Naturkosmetik. Je nach Ihren Bed\u00fcrfnissen, Vorlieben und Tr\u00e4umen in der Schublade passen unsere Labore die perfekte und nat\u00fcrlich einzigartige Formel f\u00fcr Sie an.<\/span><\/p>\n<\/div><\/div><\/div><\/div><\/section><div class=\"vc_row-full-width vc_clearfix\"><\/div><section id=\"packaging\" data-vc-full-width=\"true\" data-vc-full-width-init=\"false\" data-vc-stretch-content=\"true\" data-parallax-background-ratio=\"0.2\" class=\"vc_row wpb_row vc_row-fluid  vc_custom_1725440048535 wow none vc_row-has-fill pofo-stretch-content parallax pofo-row-responsive-69f0c2fcc10e2\"><div class=\"wpb_column vc_column_container vc_col-has-fill vc_col-sm-3\/5 vc_col-md-2\/5 col-xs-mobile-fullwidth wow fadeInRight pofo-column-responsive-69f0c2fcc117f\"><div class=\"vc_column-inner vc_custom_1632834204499\"><div class=\"wpb_wrapper\"><div class=\"vc_row wpb_row vc_inner vc_row-fluid  vc_custom_1628841405003\"><div class=\"wpb_column vc_column_container vc_col-sm-8  col-xs-mobile-fullwidth xs-text-center\"><div class=\"vc_column-inner \"><div class=\"wpb_wrapper\"><h5 class=\"text-extra-dark-gray margin-20px-bottom font-weight-600 display-block alt-font heading-style2  vc_custom_1684500844838  heading-3\"  style=\"font-weight: 600;\">Wahl der Verpackung<\/h5><\/div><\/div><\/div><div class=\"wpb_column vc_column_container vc_col-sm-4  col-xs-mobile-fullwidth text-center\"><div class=\"vc_column-inner \"><div class=\"wpb_wrapper\">[vc_single_image image=&#8220;22144&#8243; img_size=&#8220;100&#215;87&#8243; alignment=&#8220;center&#8220;]<\/div><\/div><\/div><\/div><div class=\"last-paragraph-no-margin\" style=\"color: #232323;\"><p><span style=\"font-weight: 400;\">Zusammen mit der Entwicklung der Formulierung wird Delta BKB auch den gesamten Verpackungsteil \u00fcbernehmen. Als eine nat\u00fcrliche Marke, die besonders auf \u00f6kologische Nachhaltigkeit achtet, w\u00e4hlt Delta BKB die beste L\u00f6sung f\u00fcr Ihre Produkte. Das Hauptziel? Immer weniger Kunststoff f\u00fcr die Herstellung von Naturkosmetik.<\/span><\/p>\n<\/div><\/div><\/div><\/div><\/section><div class=\"vc_row-full-width vc_clearfix\"><\/div><section id=\"test\" data-vc-full-width=\"true\" data-vc-full-width-init=\"false\" data-vc-stretch-content=\"true\" data-parallax-background-ratio=\"0.2\" class=\"vc_row wpb_row vc_row-fluid  vc_custom_1725440081899 wow none vc_row-has-fill pofo-stretch-content parallax pofo-row-responsive-69f0c2fcc1400\"><div class=\"wpb_column vc_column_container vc_col-has-fill vc_col-sm-3\/5 vc_col-md-2\/5 col-xs-mobile-fullwidth wow fadeInLeft pofo-column-responsive-69f0c2fcc14a0\"><div class=\"vc_column-inner vc_custom_1632834225714\"><div class=\"wpb_wrapper\"><div class=\"vc_row wpb_row vc_inner vc_row-fluid  vc_custom_1628841405003\"><div class=\"wpb_column vc_column_container vc_col-sm-8  col-xs-mobile-fullwidth xs-text-center\"><div class=\"vc_column-inner \"><div class=\"wpb_wrapper\"><h5 class=\"text-extra-dark-gray margin-20px-bottom font-weight-600 display-block alt-font heading-style2  vc_custom_1684500885314  heading-4\"  style=\"font-weight: 600;\">Labortests<\/h5><\/div><\/div><\/div><div class=\"wpb_column vc_column_container vc_col-sm-4  col-xs-mobile-fullwidth text-center\"><div class=\"vc_column-inner \"><div class=\"wpb_wrapper\">[vc_single_image image=&#8220;22143&#8243; img_size=&#8220;100&#215;87&#8243; alignment=&#8220;center&#8220;]<\/div><\/div><\/div><\/div><div class=\"last-paragraph-no-margin\" style=\"color: #232323;\"><p><span style=\"font-weight: 400;\">W\u00e4hrend der Herstellung Ihrer Kosmetika werden Labortests durchgef\u00fchrt, die die Sicherheit des Produkts in all seinen Formen belegen. Es ist auch wichtig zu betonen, dass Delta BKB keine kosmetischen Tierversuche durchf\u00fchrt: Tierqu\u00e4lerei ist einer unserer Grundwerte!<\/span><\/p>\n<\/div><\/div><\/div><\/div><\/section><div class=\"vc_row-full-width vc_clearfix\"><\/div><section id=\"pif\" data-vc-full-width=\"true\" data-vc-full-width-init=\"false\" data-vc-stretch-content=\"true\" data-parallax-background-ratio=\"0.2\" class=\"vc_row wpb_row vc_row-fluid  vc_custom_1725440116892 wow none vc_row-has-fill pofo-stretch-content parallax pofo-row-responsive-69f0c2fcc1714\"><div class=\"wpb_column vc_column_container vc_col-has-fill vc_col-sm-3\/5 vc_col-md-2\/5 col-xs-mobile-fullwidth wow fadeInRight pofo-column-responsive-69f0c2fcc17b5\"><div class=\"vc_column-inner vc_custom_1632834237050\"><div class=\"wpb_wrapper\"><div class=\"vc_row wpb_row vc_inner vc_row-fluid  vc_custom_1628841405003\"><div class=\"wpb_column vc_column_container vc_col-sm-8  col-xs-mobile-fullwidth xs-text-center\"><div class=\"vc_column-inner \"><div class=\"wpb_wrapper\"><h5 class=\"text-extra-dark-gray margin-20px-bottom font-weight-600 display-block alt-font heading-style2  vc_custom_1684500910433  heading-5\"  style=\"font-weight: 600;\">Erstellung der P.I.F<\/h5><\/div><\/div><\/div><div class=\"wpb_column vc_column_container vc_col-sm-4  col-xs-mobile-fullwidth text-center\"><div class=\"vc_column-inner \"><div class=\"wpb_wrapper\">[vc_single_image image=&#8220;22137&#8243; img_size=&#8220;100&#215;87&#8243; alignment=&#8220;center&#8220;]<\/div><\/div><\/div><\/div><div class=\"last-paragraph-no-margin\" style=\"color: #232323;\"><p><span style=\"font-weight: 400;\">Unsere Kosmetika haben ihren eigenen &#8222;Personalausweis&#8220;: die p.i.f. (Product Information File). Mit diesem Dokument will (und muss) Delta BKB einen weiteren Nachweis \u00fcber die Sicherheit des hergestellten kosmetischen Mittels erbringen, um mehr Transparenz und absolute professionelle Ehrlichkeit zu gew\u00e4hrleisten. Jedes Produkt hat so seinen pers\u00f6nlichen &#8222;Pass&#8220;, der die Sicherheit der Substanzen bescheinigt, aus denen es besteht.<\/span><\/p>\n<\/div><\/div><\/div><\/div><\/section><div class=\"vc_row-full-width vc_clearfix\"><\/div><section id=\"produzione\" data-vc-full-width=\"true\" data-vc-full-width-init=\"false\" data-vc-stretch-content=\"true\" data-parallax-background-ratio=\"0.2\" class=\"vc_row wpb_row vc_row-fluid  vc_custom_1725440140218 wow none vc_row-has-fill pofo-stretch-content parallax pofo-row-responsive-69f0c2fcc1a3c\"><div class=\"wpb_column vc_column_container vc_col-has-fill vc_col-sm-3\/5 vc_col-md-2\/5 col-xs-mobile-fullwidth wow fadeInLeft pofo-column-responsive-69f0c2fcc1ad7\"><div class=\"vc_column-inner vc_custom_1632834254991\"><div class=\"wpb_wrapper\"><div class=\"vc_row wpb_row vc_inner vc_row-fluid  vc_custom_1628841405003\"><div class=\"wpb_column vc_column_container vc_col-sm-8  col-xs-mobile-fullwidth xs-text-center\"><div class=\"vc_column-inner \"><div class=\"wpb_wrapper\"><h5 class=\"text-extra-dark-gray margin-20px-bottom font-weight-600 display-block alt-font heading-style2  vc_custom_1684500956097  heading-6\"  style=\"font-weight: 600;\">Produktion<\/h5><\/div><\/div><\/div><div class=\"wpb_column vc_column_container vc_col-sm-4  col-xs-mobile-fullwidth text-center\"><div class=\"vc_column-inner \"><div class=\"wpb_wrapper\">[vc_single_image image=&#8220;22141&#8243; img_size=&#8220;100&#215;87&#8243; alignment=&#8220;center&#8220;]<\/div><\/div><\/div><\/div><div class=\"last-paragraph-no-margin\" style=\"color: #232323;\"><p><span style=\"font-weight: 400;\">Die Herstellung von Kosmetika ist die zentrale Phase der gesamten Reise, die Sie mit uns unternehmen: Nach einer sorgf\u00e4ltigen Analyse der Anforderungen, Vorlieben und allem, was Sie uns erz\u00e4hlt haben, k\u00fcmmern wir uns um die Produktion, als w\u00e4re sie der gr\u00f6\u00dfte Schatz. Die Sorgfalt und Professionalit\u00e4t von Delta BKB garantiert Ihnen ein optimales Ergebnis.<\/span><\/p>\n<\/div><\/div><\/div><\/div><\/section><div class=\"vc_row-full-width vc_clearfix\"><\/div><section id=\"imbottigliamento\" data-vc-full-width=\"true\" data-vc-full-width-init=\"false\" data-vc-stretch-content=\"true\" data-parallax-background-ratio=\"0.2\" class=\"vc_row wpb_row vc_row-fluid  vc_custom_1725440160635 wow none vc_row-has-fill pofo-stretch-content parallax pofo-row-responsive-69f0c2fcc1d36\"><div class=\"wpb_column vc_column_container vc_col-has-fill vc_col-sm-3\/5 vc_col-md-2\/5 col-xs-mobile-fullwidth wow fadeInRight pofo-column-responsive-69f0c2fcc1dd0\"><div class=\"vc_column-inner vc_custom_1632834261511\"><div class=\"wpb_wrapper\"><div class=\"vc_row wpb_row vc_inner vc_row-fluid  vc_custom_1628841405003\"><div class=\"wpb_column vc_column_container vc_col-sm-8  col-xs-mobile-fullwidth xs-text-center\"><div class=\"vc_column-inner \"><div class=\"wpb_wrapper\"><h5 class=\"text-extra-dark-gray margin-20px-bottom font-weight-600 display-block alt-font heading-style2  vc_custom_1684500981631  heading-7\"  style=\"font-weight: 600;\">Abf\u00fcllen<\/h5><\/div><\/div><\/div><div class=\"wpb_column vc_column_container vc_col-sm-4  col-xs-mobile-fullwidth text-center\"><div class=\"vc_column-inner \"><div class=\"wpb_wrapper\">[vc_single_image image=&#8220;22133&#8243; img_size=&#8220;100&#215;87&#8243; alignment=&#8220;center&#8220;]<\/div><\/div><\/div><\/div><div class=\"last-paragraph-no-margin\" style=\"color: #232323;\"><p><span style=\"font-weight: 400;\">Als Unternehmen und als Kosmetiklabore wird Delta BKB an alles denken: Die konkrete Phase ist eine der intensivsten, aber auch die &#8222;lebendigste&#8220;. Wir werden f\u00fcr Sie alle Produkte in Flaschen abf\u00fcllen und dabei unserer gr\u00fcnen Philosophie sowie nat\u00fcrlich Ihren W\u00fcnschen folgen!<\/span><\/p>\n<\/div><\/div><\/div><\/div><\/section><div class=\"vc_row-full-width vc_clearfix\"><\/div><section id=\"etichettatura\" data-vc-full-width=\"true\" data-vc-full-width-init=\"false\" data-vc-stretch-content=\"true\" data-parallax-background-ratio=\"0.2\" class=\"vc_row wpb_row vc_row-fluid  vc_custom_1725440187444 wow none vc_row-has-fill pofo-stretch-content parallax pofo-row-responsive-69f0c2fcc2034\"><div class=\"wpb_column vc_column_container vc_col-has-fill vc_col-sm-3\/5 vc_col-md-2\/5 col-xs-mobile-fullwidth wow fadeInLeft pofo-column-responsive-69f0c2fcc20d1\"><div class=\"vc_column-inner vc_custom_1632834279486\"><div class=\"wpb_wrapper\"><div class=\"vc_row wpb_row vc_inner vc_row-fluid  vc_custom_1628841405003\"><div class=\"wpb_column vc_column_container vc_col-sm-8  col-xs-mobile-fullwidth xs-text-center\"><div class=\"vc_column-inner \"><div class=\"wpb_wrapper\"><h5 class=\"text-extra-dark-gray margin-20px-bottom font-weight-600 display-block alt-font heading-style2  vc_custom_1684501000839  heading-8\"  style=\"font-weight: 600;\">Etikettierung<\/h5><\/div><\/div><\/div><div class=\"wpb_column vc_column_container vc_col-sm-4  col-xs-mobile-fullwidth text-center\"><div class=\"vc_column-inner \"><div class=\"wpb_wrapper\">[vc_single_image image=&#8220;22139&#8243; img_size=&#8220;100&#215;87&#8243; alignment=&#8220;center&#8220;]<\/div><\/div><\/div><\/div><div class=\"last-paragraph-no-margin\" style=\"color: #232323;\"><p><span style=\"font-weight: 400;\">Die Etikettierung ist ebenfalls Teil der Reise mit Delta BKB; wir k\u00fcmmern uns um jeden einzelnen Schritt, der zur vollst\u00e4ndigen Realisierung der gew\u00fcnschten Produkte f\u00fchrt. Das Etikett ist dabei ein grundlegendes Element: es verleiht Pers\u00f6nlichkeit, Einzigartigkeit und erz\u00e4hlt die Geschichte des gesamten Produkts.<\/span><\/p>\n<\/div><\/div><\/div><\/div><\/section><div class=\"vc_row-full-width vc_clearfix\"><\/div><section id=\"confezionamento\" data-vc-full-width=\"true\" data-vc-full-width-init=\"false\" data-vc-stretch-content=\"true\" data-parallax-background-ratio=\"0.2\" class=\"vc_row wpb_row vc_row-fluid  vc_custom_1725440225797 wow none vc_row-has-fill pofo-stretch-content parallax pofo-row-responsive-69f0c2fcc234e\"><div class=\"wpb_column vc_column_container vc_col-has-fill vc_col-sm-3\/5 vc_col-md-2\/5 col-xs-mobile-fullwidth wow fadeInRight pofo-column-responsive-69f0c2fcc23ee\"><div class=\"vc_column-inner vc_custom_1632834293879\"><div class=\"wpb_wrapper\"><div class=\"vc_row wpb_row vc_inner vc_row-fluid  vc_custom_1628841405003\"><div class=\"wpb_column vc_column_container vc_col-sm-8  col-xs-mobile-fullwidth xs-text-center\"><div class=\"vc_column-inner \"><div class=\"wpb_wrapper\"><h5 class=\"text-extra-dark-gray margin-20px-bottom font-weight-600 display-block alt-font heading-style2  vc_custom_1684501026361  heading-9\"  style=\"font-weight: 600;\">Abpacken<\/h5><\/div><\/div><\/div><div class=\"wpb_column vc_column_container vc_col-sm-4  col-xs-mobile-fullwidth text-center\"><div class=\"vc_column-inner \"><div class=\"wpb_wrapper\">[vc_single_image image=&#8220;22138&#8243; img_size=&#8220;100&#215;87&#8243; alignment=&#8220;center&#8220;]<\/div><\/div><\/div><\/div><div class=\"last-paragraph-no-margin\" style=\"color: #232323;\"><p><span style=\"font-weight: 400;\">Auch die Verpackung ist ein sehr wichtiger Teil bei der Herstellung eigener Kosmetika. Delta BKB legt gro\u00dfen Wert auf die Innen- und Au\u00dfenverpackung. Wir vermeiden unn\u00f6tige Materialien und versuchen, immer nachhaltige, recycelte und recycelbare Verpackungen zu verwenden. All dies wird nat\u00fcrlich den Bed\u00fcrfnissen unserer Kunden entsprechen.<\/span><\/p>\n<\/div><\/div><\/div><\/div><\/section><div class=\"vc_row-full-width vc_clearfix\"><\/div><section id=\"bulk\" data-vc-full-width=\"true\" data-vc-full-width-init=\"false\" data-vc-stretch-content=\"true\" data-parallax-background-ratio=\"0.2\" class=\"vc_row wpb_row vc_row-fluid  vc_custom_1725440250325 wow none vc_row-has-fill pofo-stretch-content parallax pofo-row-responsive-69f0c2fcc2661\"><div class=\"wpb_column vc_column_container vc_col-has-fill vc_col-sm-3\/5 vc_col-md-2\/5 col-xs-mobile-fullwidth wow fadeInLeft pofo-column-responsive-69f0c2fcc26ff\"><div class=\"vc_column-inner vc_custom_1632834303455\"><div class=\"wpb_wrapper\"><div class=\"vc_row wpb_row vc_inner vc_row-fluid  vc_custom_1628842400420\"><div class=\"wpb_column vc_column_container vc_col-sm-8  col-xs-mobile-fullwidth xs-text-center\"><div class=\"vc_column-inner \"><div class=\"wpb_wrapper\"><h5 class=\"text-extra-dark-gray margin-20px-bottom font-weight-600 display-block alt-font heading-style2  vc_custom_1684501046807  heading-10\"  style=\"font-weight: 600;\">Grosse Mengen bestellen<\/h5><\/div><\/div><\/div><div class=\"wpb_column vc_column_container vc_col-sm-4  col-xs-mobile-fullwidth text-center\"><div class=\"vc_column-inner \"><div class=\"wpb_wrapper\">[vc_single_image image=&#8220;22140&#8243; img_size=&#8220;100&#215;87&#8243; alignment=&#8220;center&#8220;]<\/div><\/div><\/div><\/div><div class=\"last-paragraph-no-margin\" style=\"color: #232323;\"><p><span style=\"font-weight: 400;\">Delta BKB bietet auch die M\u00f6glichkeit, gro\u00dfe Mengen zu bestellen: Was bedeutet das? Dass Sie sich entscheiden k\u00f6nnen, Ihre Produkte in gro\u00dfen Mengen zu bestellen und, wenn Sie fertig sind, zu &#8222;laden&#8220;. Auf diese Weise k\u00f6nnen Sie Verschwendung vermeiden und erhebliche Einsparungen erzielen.<\/span><\/p>\n<\/div><\/div><\/div><\/div><\/section><div class=\"vc_row-full-width vc_clearfix\"><\/div>\n","protected":false},"excerpt":{"rendered":"DAS BIETET IHNEN DELTA BKB AUF IHRER KOSMETISCHEN REISEDie Studie der personalisierten Formulierung[vc_single_image image=\"22142\" img_size=\"100x87\" alignment=\"center\"]Delta BKB begleitet Sie auf Ihrem Weg zur Herstellung Ihrer Naturkosmetik. Je nach Ihren Bed\u00fcrfnissen, Vorlieben und Tr\u00e4umen in der Schublade passen unsere Labore die perfekte und nat\u00fcrlich einzigartige Formel f\u00fcr Sie an. Wahl der Verpackung[vc_single_image image=\"22144\" img_size=\"100x87\" alignment=\"center\"]Zusammen mit der Entwicklung der Formulierung wird Delta BKB auch den gesamten Verpackungsteil \u00fcbernehmen. Als eine nat\u00fcrliche Marke, die besonders auf \u00f6kologische Nachhaltigkeit achtet, w\u00e4hlt Delta BKB die beste L\u00f6sung f\u00fcr Ihre Produkte. Das Hauptziel? Immer weniger Kunststoff f\u00fcr die Herstellung von Naturkosmetik. Labortests[vc_single_image image=\"22143\" img_size=\"100x87\" alignment=\"center\"]W\u00e4hrend der Herstellung Ihrer Kosmetika werden Labortests durchgef\u00fchrt, die die Sicherheit des Produkts in all seinen Formen belegen. Es ist auch wichtig zu betonen, dass Delta BKB keine kosmetischen Tierversuche durchf\u00fchrt: Tierqu\u00e4lerei ist einer unserer Grundwerte! Erstellung der P.I.F[vc_single_image image=\"22137\" img_size=\"100x87\" alignment=\"center\"]Unsere Kosmetika haben ihren eigenen \"Personalausweis\": die p.i.f. (Product Information File). Mit diesem Dokument will (und muss) Delta BKB einen weiteren Nachweis \u00fcber die Sicherheit des hergestellten kosmetischen Mittels erbringen, um mehr Transparenz und absolute professionelle Ehrlichkeit zu gew\u00e4hrleisten. Jedes Produkt hat so seinen pers\u00f6nlichen \"Pass\", der die Sicherheit der Substanzen bescheinigt, aus denen es besteht. Produktion[vc_single_image image=\"22141\" img_size=\"100x87\" alignment=\"center\"]Die...","protected":false},"author":1,"featured_media":0,"parent":0,"menu_order":0,"comment_status":"closed","ping_status":"closed","template":"","meta":[],"yoast_head":"<!-- This site is optimized with the Yoast SEO plugin v17.5 - https:\/\/yoast.com\/wordpress\/plugins\/seo\/ -->\n<title>Dienstleistungen | Delta BKB<\/title>\n<meta name=\"robots\" content=\"index, follow, max-snippet:-1, max-image-preview:large, max-video-preview:-1\" \/>\n<link rel=\"canonical\" href=\"https:\/\/www.delta-bkb.it\/de\/dienstleistungen\/\" \/>\n<meta property=\"og:locale\" content=\"de_DE\" \/>\n<meta property=\"og:type\" content=\"article\" \/>\n<meta property=\"og:title\" content=\"Dienstleistungen | Delta BKB\" \/>\n<meta property=\"og:url\" content=\"https:\/\/www.delta-bkb.it\/de\/dienstleistungen\/\" \/>\n<meta property=\"og:site_name\" content=\"Delta BKB\" \/>\n<meta property=\"article:modified_time\" content=\"2024-09-04T08:57:37+00:00\" \/>\n<meta name=\"twitter:card\" content=\"summary_large_image\" \/>\n<meta name=\"twitter:label1\" content=\"Gesch\u00e4tzte Lesezeit\" \/>\n\t<meta name=\"twitter:data1\" content=\"5\u00a0Minuten\" \/>\n<script type=\"application\/ld+json\" class=\"yoast-schema-graph\">{\"@context\":\"https:\/\/schema.org\",\"@graph\":[{\"@type\":\"WebSite\",\"@id\":\"https:\/\/www.delta-bkb.it\/#website\",\"url\":\"https:\/\/www.delta-bkb.it\/\",\"name\":\"Delta BKB\",\"description\":\"Delta BKB Laboratori Cosmetici\",\"potentialAction\":[{\"@type\":\"SearchAction\",\"target\":{\"@type\":\"EntryPoint\",\"urlTemplate\":\"https:\/\/www.delta-bkb.it\/?s={search_term_string}\"},\"query-input\":\"required name=search_term_string\"}],\"inLanguage\":\"de\"},{\"@type\":\"WebPage\",\"@id\":\"https:\/\/www.delta-bkb.it\/de\/dienstleistungen\/#webpage\",\"url\":\"https:\/\/www.delta-bkb.it\/de\/dienstleistungen\/\",\"name\":\"Dienstleistungen | Delta BKB\",\"isPartOf\":{\"@id\":\"https:\/\/www.delta-bkb.it\/#website\"},\"datePublished\":\"2021-08-12T14:48:45+00:00\",\"dateModified\":\"2024-09-04T08:57:37+00:00\",\"breadcrumb\":{\"@id\":\"https:\/\/www.delta-bkb.it\/de\/dienstleistungen\/#breadcrumb\"},\"inLanguage\":\"de\",\"potentialAction\":[{\"@type\":\"ReadAction\",\"target\":[\"https:\/\/www.delta-bkb.it\/de\/dienstleistungen\/\"]}]},{\"@type\":\"BreadcrumbList\",\"@id\":\"https:\/\/www.delta-bkb.it\/de\/dienstleistungen\/#breadcrumb\",\"itemListElement\":[{\"@type\":\"ListItem\",\"position\":1,\"name\":\"Home\",\"item\":\"https:\/\/www.delta-bkb.it\/de\/\"},{\"@type\":\"ListItem\",\"position\":2,\"name\":\"Dienstleistungen\"}]}]}<\/script>\n<!-- \/ Yoast SEO plugin. -->","yoast_head_json":{"title":"Dienstleistungen | Delta BKB","robots":{"index":"index","follow":"follow","max-snippet":"max-snippet:-1","max-image-preview":"max-image-preview:large","max-video-preview":"max-video-preview:-1"},"canonical":"https:\/\/www.delta-bkb.it\/de\/dienstleistungen\/","og_locale":"de_DE","og_type":"article","og_title":"Dienstleistungen | Delta BKB","og_url":"https:\/\/www.delta-bkb.it\/de\/dienstleistungen\/","og_site_name":"Delta BKB","article_modified_time":"2024-09-04T08:57:37+00:00","twitter_card":"summary_large_image","twitter_misc":{"Gesch\u00e4tzte Lesezeit":"5\u00a0Minuten"},"schema":{"@context":"https:\/\/schema.org","@graph":[{"@type":"WebSite","@id":"https:\/\/www.delta-bkb.it\/#website","url":"https:\/\/www.delta-bkb.it\/","name":"Delta BKB","description":"Delta BKB Laboratori Cosmetici","potentialAction":[{"@type":"SearchAction","target":{"@type":"EntryPoint","urlTemplate":"https:\/\/www.delta-bkb.it\/?s={search_term_string}"},"query-input":"required name=search_term_string"}],"inLanguage":"de"},{"@type":"WebPage","@id":"https:\/\/www.delta-bkb.it\/de\/dienstleistungen\/#webpage","url":"https:\/\/www.delta-bkb.it\/de\/dienstleistungen\/","name":"Dienstleistungen | Delta BKB","isPartOf":{"@id":"https:\/\/www.delta-bkb.it\/#website"},"datePublished":"2021-08-12T14:48:45+00:00","dateModified":"2024-09-04T08:57:37+00:00","breadcrumb":{"@id":"https:\/\/www.delta-bkb.it\/de\/dienstleistungen\/#breadcrumb"},"inLanguage":"de","potentialAction":[{"@type":"ReadAction","target":["https:\/\/www.delta-bkb.it\/de\/dienstleistungen\/"]}]},{"@type":"BreadcrumbList","@id":"https:\/\/www.delta-bkb.it\/de\/dienstleistungen\/#breadcrumb","itemListElement":[{"@type":"ListItem","position":1,"name":"Home","item":"https:\/\/www.delta-bkb.it\/de\/"},{"@type":"ListItem","position":2,"name":"Dienstleistungen"}]}]}},"_links":{"self":[{"href":"https:\/\/www.delta-bkb.it\/de\/wp-json\/wp\/v2\/pages\/25729"}],"collection":[{"href":"https:\/\/www.delta-bkb.it\/de\/wp-json\/wp\/v2\/pages"}],"about":[{"href":"https:\/\/www.delta-bkb.it\/de\/wp-json\/wp\/v2\/types\/page"}],"author":[{"embeddable":true,"href":"https:\/\/www.delta-bkb.it\/de\/wp-json\/wp\/v2\/users\/1"}],"replies":[{"embeddable":true,"href":"https:\/\/www.delta-bkb.it\/de\/wp-json\/wp\/v2\/comments?post=25729"}],"version-history":[{"count":4,"href":"https:\/\/www.delta-bkb.it\/de\/wp-json\/wp\/v2\/pages\/25729\/revisions"}],"predecessor-version":[{"id":27249,"href":"https:\/\/www.delta-bkb.it\/de\/wp-json\/wp\/v2\/pages\/25729\/revisions\/27249"}],"wp:attachment":[{"href":"https:\/\/www.delta-bkb.it\/de\/wp-json\/wp\/v2\/media?parent=25729"}],"curies":[{"name":"wp","href":"https:\/\/api.w.org\/{rel}","templated":true}]}}